{"id":13,"date":"2022-08-26T16:15:23","date_gmt":"2022-08-26T19:15:23","guid":{"rendered":"http:\/\/dev.beckstudios.com.br\/?page_id=13"},"modified":"2022-10-31T14:18:24","modified_gmt":"2022-10-31T17:18:24","slug":"home","status":"publish","type":"page","link":"https:\/\/beckstudios.com.br\/es\/","title":{"rendered":"Home"},"content":{"rendered":"","protected":false},"excerpt":{"rendered":"","protected":false},"author":1,"featured_media":0,"parent":0,"menu_order":7,"comment_status":"closed","ping_status":"closed","template":"","meta":[],"acf":[],"yoast_head":"<!-- This site is optimized with the Yoast SEO plugin v19.6.1 - https:\/\/yoast.com\/wordpress\/plugins\/seo\/ -->\n<title>Home - Beck Studios<\/title>\n<meta name=\"description\" content=\"O Beck Studios \u00e9 uma empresa consolidada no mercado de dublagem, voz original, audiodescri\u00e7\u00e3o e audiolivro. Possui tr\u00eas salas de grava\u00e7\u00e3o e uma sala de mixagem e est\u00e1 localizado no bairro Cosme Velho, Zona Sul do Rio de Janeiro. Em 2020, em virtude da pandemia, a dublagem remota tamb\u00e9m foi implementada. Mais de 400 profissionais receberam consultoria para a montagem de seus home studios e ap\u00f3s cuidadosa edi\u00e7\u00e3o e mixagem, o resultado atinge a mesma qualidade t\u00e9cnica da grava\u00e7\u00e3o realizada em nossa sede. Priorizamos o atendimento imediato ao cliente e a qualidade art\u00edstica e t\u00e9cnica dos nossos produtos do setor audiovisual. Em 2016, 2018 e 2020 tivemos a alegria de receber o Pr\u00eamio Parceiros em Excel\u00eancia promovido pelo Grupo Globo, um de nossos principais clientes. Nossos s\u00f3cios t\u00eam ampla experi\u00eancia no setor: Ma\u00edra G\u00f3es \u00e9 dubladora h\u00e1 25 anos e diretora de dublagem h\u00e1 15. Seu trabalho inclui as vozes brasileiras de Dory em Procurando Nemo e Procurando Dory, Keira Knightley e Mila Kunis em diversos filmes e centenas de outras produ\u00e7\u00f5es marcantes. Sergio Beck, \u00e9 excelente m\u00fasico, cantor e engenheiro de \u00e1udio formado em Londres (SAE). Os diretores de dublagem que comp\u00f5e nosso quadro s\u00e3o conceituados profissionais do mercado e temos acesso aos mais aclamados atores e atrizes em dublagem do Rio de Janeiro e de S\u00e3o Paulo. Ap\u00f3s uma recente reforma, o Beck Studios inicia uma nova fase de novas parcerias e muitos frutos colhidos ap\u00f3s uma trajet\u00f3ria de um dedicado trabalho e diversas conquistas. Seja bem vindo (a)!\" \/>\n<meta name=\"robots\" content=\"index, follow, max-snippet:-1, max-image-preview:large, max-video-preview:-1\" \/>\n<link rel=\"canonical\" href=\"https:\/\/beckstudios.com.br\/es\/\" \/>\n<meta property=\"og:locale\" content=\"es_ES\" \/>\n<meta property=\"og:type\" content=\"article\" \/>\n<meta property=\"og:title\" content=\"Home - Beck Studios\" \/>\n<meta property=\"og:description\" content=\"O Beck Studios \u00e9 uma empresa consolidada no mercado de dublagem, voz original, audiodescri\u00e7\u00e3o e audiolivro. Possui tr\u00eas salas de grava\u00e7\u00e3o e uma sala de mixagem e est\u00e1 localizado no bairro Cosme Velho, Zona Sul do Rio de Janeiro. Em 2020, em virtude da pandemia, a dublagem remota tamb\u00e9m foi implementada. Mais de 400 profissionais receberam consultoria para a montagem de seus home studios e ap\u00f3s cuidadosa edi\u00e7\u00e3o e mixagem, o resultado atinge a mesma qualidade t\u00e9cnica da grava\u00e7\u00e3o realizada em nossa sede. Priorizamos o atendimento imediato ao cliente e a qualidade art\u00edstica e t\u00e9cnica dos nossos produtos do setor audiovisual. Em 2016, 2018 e 2020 tivemos a alegria de receber o Pr\u00eamio Parceiros em Excel\u00eancia promovido pelo Grupo Globo, um de nossos principais clientes. Nossos s\u00f3cios t\u00eam ampla experi\u00eancia no setor: Ma\u00edra G\u00f3es \u00e9 dubladora h\u00e1 25 anos e diretora de dublagem h\u00e1 15. Seu trabalho inclui as vozes brasileiras de Dory em Procurando Nemo e Procurando Dory, Keira Knightley e Mila Kunis em diversos filmes e centenas de outras produ\u00e7\u00f5es marcantes. Sergio Beck, \u00e9 excelente m\u00fasico, cantor e engenheiro de \u00e1udio formado em Londres (SAE). Os diretores de dublagem que comp\u00f5e nosso quadro s\u00e3o conceituados profissionais do mercado e temos acesso aos mais aclamados atores e atrizes em dublagem do Rio de Janeiro e de S\u00e3o Paulo. Ap\u00f3s uma recente reforma, o Beck Studios inicia uma nova fase de novas parcerias e muitos frutos colhidos ap\u00f3s uma trajet\u00f3ria de um dedicado trabalho e diversas conquistas. Seja bem vindo (a)!\" \/>\n<meta property=\"og:url\" content=\"https:\/\/beckstudios.com.br\/es\/\" \/>\n<meta property=\"og:site_name\" content=\"Beck Studios\" \/>\n<meta property=\"article:modified_time\" content=\"2022-10-31T17:18:24+00:00\" \/>\n<meta name=\"twitter:card\" content=\"summary_large_image\" \/>\n<script type=\"application\/ld+json\" class=\"yoast-schema-graph\">{\"@context\":\"https:\/\/schema.org\",\"@graph\":[{\"@type\":\"WebPage\",\"@id\":\"https:\/\/beckstudios.com.br\/es\/\",\"url\":\"https:\/\/beckstudios.com.br\/es\/\",\"name\":\"Home - Beck Studios\",\"isPartOf\":{\"@id\":\"https:\/\/beckstudios.com.br\/es\/#website\"},\"datePublished\":\"2022-08-26T19:15:23+00:00\",\"dateModified\":\"2022-10-31T17:18:24+00:00\",\"description\":\"O Beck Studios \u00e9 uma empresa consolidada no mercado de dublagem, voz original, audiodescri\u00e7\u00e3o e audiolivro. Possui tr\u00eas salas de grava\u00e7\u00e3o e uma sala de mixagem e est\u00e1 localizado no bairro Cosme Velho, Zona Sul do Rio de Janeiro. Em 2020, em virtude da pandemia, a dublagem remota tamb\u00e9m foi implementada. Mais de 400 profissionais receberam consultoria para a montagem de seus home studios e ap\u00f3s cuidadosa edi\u00e7\u00e3o e mixagem, o resultado atinge a mesma qualidade t\u00e9cnica da grava\u00e7\u00e3o realizada em nossa sede. Priorizamos o atendimento imediato ao cliente e a qualidade art\u00edstica e t\u00e9cnica dos nossos produtos do setor audiovisual. Em 2016, 2018 e 2020 tivemos a alegria de receber o Pr\u00eamio Parceiros em Excel\u00eancia promovido pelo Grupo Globo, um de nossos principais clientes. Nossos s\u00f3cios t\u00eam ampla experi\u00eancia no setor: Ma\u00edra G\u00f3es \u00e9 dubladora h\u00e1 25 anos e diretora de dublagem h\u00e1 15. Seu trabalho inclui as vozes brasileiras de Dory em Procurando Nemo e Procurando Dory, Keira Knightley e Mila Kunis em diversos filmes e centenas de outras produ\u00e7\u00f5es marcantes. Sergio Beck, \u00e9 excelente m\u00fasico, cantor e engenheiro de \u00e1udio formado em Londres (SAE). Os diretores de dublagem que comp\u00f5e nosso quadro s\u00e3o conceituados profissionais do mercado e temos acesso aos mais aclamados atores e atrizes em dublagem do Rio de Janeiro e de S\u00e3o Paulo. Ap\u00f3s uma recente reforma, o Beck Studios inicia uma nova fase de novas parcerias e muitos frutos colhidos ap\u00f3s uma trajet\u00f3ria de um dedicado trabalho e diversas conquistas. Seja bem vindo (a)!\",\"breadcrumb\":{\"@id\":\"https:\/\/beckstudios.com.br\/es\/#breadcrumb\"},\"inLanguage\":\"es\",\"potentialAction\":[{\"@type\":\"ReadAction\",\"target\":[[\"https:\/\/beckstudios.com.br\/es\/\"]]}]},{\"@type\":\"BreadcrumbList\",\"@id\":\"https:\/\/beckstudios.com.br\/es\/#breadcrumb\",\"itemListElement\":[{\"@type\":\"ListItem\",\"position\":1,\"name\":\"Beck Studios\",\"item\":\"https:\/\/beckstudios.com.br\/es\/\"},{\"@type\":\"ListItem\",\"position\":2,\"name\":\"Home\"}]},{\"@type\":\"WebSite\",\"@id\":\"https:\/\/beckstudios.com.br\/es\/#website\",\"url\":\"https:\/\/beckstudios.com.br\/es\/\",\"name\":\"Beck Studios\",\"description\":\"S\u00f3 mais um site WordPress\",\"publisher\":{\"@id\":\"https:\/\/beckstudios.com.br\/es\/#organization\"},\"potentialAction\":[{\"@type\":\"SearchAction\",\"target\":{\"@type\":\"EntryPoint\",\"urlTemplate\":\"https:\/\/beckstudios.com.br\/es\/?s={search_term_string}\"},\"query-input\":\"required name=search_term_string\"}],\"inLanguage\":\"es\"},{\"@type\":\"Organization\",\"@id\":\"https:\/\/beckstudios.com.br\/es\/#organization\",\"name\":\"Beck Studios\",\"url\":\"https:\/\/beckstudios.com.br\/es\/\",\"sameAs\":[],\"logo\":{\"@type\":\"ImageObject\",\"inLanguage\":\"es\",\"@id\":\"https:\/\/beckstudios.com.br\/es\/#\/schema\/logo\/image\/\",\"url\":\"https:\/\/beckstudios.com.br\/wp-content\/uploads\/2022\/08\/logo.png\",\"contentUrl\":\"https:\/\/beckstudios.com.br\/wp-content\/uploads\/2022\/08\/logo.png\",\"width\":132,\"height\":72,\"caption\":\"Beck Studios\"},\"image\":{\"@id\":\"https:\/\/beckstudios.com.br\/es\/#\/schema\/logo\/image\/\"}}]}<\/script>\n<!-- \/ Yoast SEO plugin. -->","yoast_head_json":{"title":"Home - Beck Studios","description":"O Beck Studios \u00e9 uma empresa consolidada no mercado de dublagem, voz original, audiodescri\u00e7\u00e3o e audiolivro. Possui tr\u00eas salas de grava\u00e7\u00e3o e uma sala de mixagem e est\u00e1 localizado no bairro Cosme Velho, Zona Sul do Rio de Janeiro. Em 2020, em virtude da pandemia, a dublagem remota tamb\u00e9m foi implementada. Mais de 400 profissionais receberam consultoria para a montagem de seus home studios e ap\u00f3s cuidadosa edi\u00e7\u00e3o e mixagem, o resultado atinge a mesma qualidade t\u00e9cnica da grava\u00e7\u00e3o realizada em nossa sede. Priorizamos o atendimento imediato ao cliente e a qualidade art\u00edstica e t\u00e9cnica dos nossos produtos do setor audiovisual. Em 2016, 2018 e 2020 tivemos a alegria de receber o Pr\u00eamio Parceiros em Excel\u00eancia promovido pelo Grupo Globo, um de nossos principais clientes. Nossos s\u00f3cios t\u00eam ampla experi\u00eancia no setor: Ma\u00edra G\u00f3es \u00e9 dubladora h\u00e1 25 anos e diretora de dublagem h\u00e1 15. Seu trabalho inclui as vozes brasileiras de Dory em Procurando Nemo e Procurando Dory, Keira Knightley e Mila Kunis em diversos filmes e centenas de outras produ\u00e7\u00f5es marcantes. Sergio Beck, \u00e9 excelente m\u00fasico, cantor e engenheiro de \u00e1udio formado em Londres (SAE). Os diretores de dublagem que comp\u00f5e nosso quadro s\u00e3o conceituados profissionais do mercado e temos acesso aos mais aclamados atores e atrizes em dublagem do Rio de Janeiro e de S\u00e3o Paulo. Ap\u00f3s uma recente reforma, o Beck Studios inicia uma nova fase de novas parcerias e muitos frutos colhidos ap\u00f3s uma trajet\u00f3ria de um dedicado trabalho e diversas conquistas. Seja bem vindo (a)!","robots":{"index":"index","follow":"follow","max-snippet":"max-snippet:-1","max-image-preview":"max-image-preview:large","max-video-preview":"max-video-preview:-1"},"canonical":"https:\/\/beckstudios.com.br\/es\/","og_locale":"es_ES","og_type":"article","og_title":"Home - Beck Studios","og_description":"O Beck Studios \u00e9 uma empresa consolidada no mercado de dublagem, voz original, audiodescri\u00e7\u00e3o e audiolivro. Possui tr\u00eas salas de grava\u00e7\u00e3o e uma sala de mixagem e est\u00e1 localizado no bairro Cosme Velho, Zona Sul do Rio de Janeiro. Em 2020, em virtude da pandemia, a dublagem remota tamb\u00e9m foi implementada. Mais de 400 profissionais receberam consultoria para a montagem de seus home studios e ap\u00f3s cuidadosa edi\u00e7\u00e3o e mixagem, o resultado atinge a mesma qualidade t\u00e9cnica da grava\u00e7\u00e3o realizada em nossa sede. Priorizamos o atendimento imediato ao cliente e a qualidade art\u00edstica e t\u00e9cnica dos nossos produtos do setor audiovisual. Em 2016, 2018 e 2020 tivemos a alegria de receber o Pr\u00eamio Parceiros em Excel\u00eancia promovido pelo Grupo Globo, um de nossos principais clientes. Nossos s\u00f3cios t\u00eam ampla experi\u00eancia no setor: Ma\u00edra G\u00f3es \u00e9 dubladora h\u00e1 25 anos e diretora de dublagem h\u00e1 15. Seu trabalho inclui as vozes brasileiras de Dory em Procurando Nemo e Procurando Dory, Keira Knightley e Mila Kunis em diversos filmes e centenas de outras produ\u00e7\u00f5es marcantes. Sergio Beck, \u00e9 excelente m\u00fasico, cantor e engenheiro de \u00e1udio formado em Londres (SAE). Os diretores de dublagem que comp\u00f5e nosso quadro s\u00e3o conceituados profissionais do mercado e temos acesso aos mais aclamados atores e atrizes em dublagem do Rio de Janeiro e de S\u00e3o Paulo. Ap\u00f3s uma recente reforma, o Beck Studios inicia uma nova fase de novas parcerias e muitos frutos colhidos ap\u00f3s uma trajet\u00f3ria de um dedicado trabalho e diversas conquistas. Seja bem vindo (a)!","og_url":"https:\/\/beckstudios.com.br\/es\/","og_site_name":"Beck Studios","article_modified_time":"2022-10-31T17:18:24+00:00","twitter_card":"summary_large_image","schema":{"@context":"https:\/\/schema.org","@graph":[{"@type":"WebPage","@id":"https:\/\/beckstudios.com.br\/es\/","url":"https:\/\/beckstudios.com.br\/es\/","name":"Home - Beck Studios","isPartOf":{"@id":"https:\/\/beckstudios.com.br\/es\/#website"},"datePublished":"2022-08-26T19:15:23+00:00","dateModified":"2022-10-31T17:18:24+00:00","description":"O Beck Studios \u00e9 uma empresa consolidada no mercado de dublagem, voz original, audiodescri\u00e7\u00e3o e audiolivro. Possui tr\u00eas salas de grava\u00e7\u00e3o e uma sala de mixagem e est\u00e1 localizado no bairro Cosme Velho, Zona Sul do Rio de Janeiro. Em 2020, em virtude da pandemia, a dublagem remota tamb\u00e9m foi implementada. Mais de 400 profissionais receberam consultoria para a montagem de seus home studios e ap\u00f3s cuidadosa edi\u00e7\u00e3o e mixagem, o resultado atinge a mesma qualidade t\u00e9cnica da grava\u00e7\u00e3o realizada em nossa sede. Priorizamos o atendimento imediato ao cliente e a qualidade art\u00edstica e t\u00e9cnica dos nossos produtos do setor audiovisual. Em 2016, 2018 e 2020 tivemos a alegria de receber o Pr\u00eamio Parceiros em Excel\u00eancia promovido pelo Grupo Globo, um de nossos principais clientes. Nossos s\u00f3cios t\u00eam ampla experi\u00eancia no setor: Ma\u00edra G\u00f3es \u00e9 dubladora h\u00e1 25 anos e diretora de dublagem h\u00e1 15. Seu trabalho inclui as vozes brasileiras de Dory em Procurando Nemo e Procurando Dory, Keira Knightley e Mila Kunis em diversos filmes e centenas de outras produ\u00e7\u00f5es marcantes. Sergio Beck, \u00e9 excelente m\u00fasico, cantor e engenheiro de \u00e1udio formado em Londres (SAE). Os diretores de dublagem que comp\u00f5e nosso quadro s\u00e3o conceituados profissionais do mercado e temos acesso aos mais aclamados atores e atrizes em dublagem do Rio de Janeiro e de S\u00e3o Paulo. Ap\u00f3s uma recente reforma, o Beck Studios inicia uma nova fase de novas parcerias e muitos frutos colhidos ap\u00f3s uma trajet\u00f3ria de um dedicado trabalho e diversas conquistas. Seja bem vindo (a)!","breadcrumb":{"@id":"https:\/\/beckstudios.com.br\/es\/#breadcrumb"},"inLanguage":"es","potentialAction":[{"@type":"ReadAction","target":[["https:\/\/beckstudios.com.br\/es\/"]]}]},{"@type":"BreadcrumbList","@id":"https:\/\/beckstudios.com.br\/es\/#breadcrumb","itemListElement":[{"@type":"ListItem","position":1,"name":"Beck Studios","item":"https:\/\/beckstudios.com.br\/es\/"},{"@type":"ListItem","position":2,"name":"Home"}]},{"@type":"WebSite","@id":"https:\/\/beckstudios.com.br\/es\/#website","url":"https:\/\/beckstudios.com.br\/es\/","name":"Beck Studios","description":"S\u00f3 mais um site WordPress","publisher":{"@id":"https:\/\/beckstudios.com.br\/es\/#organization"},"potentialAction":[{"@type":"SearchAction","target":{"@type":"EntryPoint","urlTemplate":"https:\/\/beckstudios.com.br\/es\/?s={search_term_string}"},"query-input":"required name=search_term_string"}],"inLanguage":"es"},{"@type":"Organization","@id":"https:\/\/beckstudios.com.br\/es\/#organization","name":"Beck Studios","url":"https:\/\/beckstudios.com.br\/es\/","sameAs":[],"logo":{"@type":"ImageObject","inLanguage":"es","@id":"https:\/\/beckstudios.com.br\/es\/#\/schema\/logo\/image\/","url":"https:\/\/beckstudios.com.br\/wp-content\/uploads\/2022\/08\/logo.png","contentUrl":"https:\/\/beckstudios.com.br\/wp-content\/uploads\/2022\/08\/logo.png","width":132,"height":72,"caption":"Beck Studios"},"image":{"@id":"https:\/\/beckstudios.com.br\/es\/#\/schema\/logo\/image\/"}}]}},"_links":{"self":[{"href":"https:\/\/beckstudios.com.br\/es\/wp-json\/wp\/v2\/pages\/13"}],"collection":[{"href":"https:\/\/beckstudios.com.br\/es\/wp-json\/wp\/v2\/pages"}],"about":[{"href":"https:\/\/beckstudios.com.br\/es\/wp-json\/wp\/v2\/types\/page"}],"author":[{"embeddable":true,"href":"https:\/\/beckstudios.com.br\/es\/wp-json\/wp\/v2\/users\/1"}],"replies":[{"embeddable":true,"href":"https:\/\/beckstudios.com.br\/es\/wp-json\/wp\/v2\/comments?post=13"}],"version-history":[{"count":2,"href":"https:\/\/beckstudios.com.br\/es\/wp-json\/wp\/v2\/pages\/13\/revisions"}],"predecessor-version":[{"id":1394,"href":"https:\/\/beckstudios.com.br\/es\/wp-json\/wp\/v2\/pages\/13\/revisions\/1394"}],"wp:attachment":[{"href":"https:\/\/beckstudios.com.br\/es\/wp-json\/wp\/v2\/media?parent=13"}],"curies":[{"name":"wp","href":"https:\/\/api.w.org\/{rel}","templated":true}]}}