{"id":15,"date":"2022-08-26T16:15:31","date_gmt":"2022-08-26T19:15:31","guid":{"rendered":"http:\/\/dev.beckstudios.com.br\/?page_id=15"},"modified":"2024-06-21T16:10:57","modified_gmt":"2024-06-21T19:10:57","slug":"quem-somos","status":"publish","type":"page","link":"https:\/\/beckstudios.com.br\/es\/quienes-somos\/","title":{"rendered":"Quienes somos"},"content":{"rendered":"<p><span data-contrast=\"none\">Beck Studios es una empresa consolidada en el mercado del doblaje, voz original, audiodescripci\u00f3n y audiolibro. Cuenta con tres salas de grabaci\u00f3n y una sala de mezcla y est\u00e1 ubicado en el barrio Cosme Velho, en la zona sur de R\u00edo de Janeiro.\u00a0<\/span><span data-ccp-props=\"{&quot;134233117&quot;:false,&quot;134233118&quot;:false,&quot;201341983&quot;:0,&quot;335559738&quot;:0,&quot;335559739&quot;:0,&quot;335559740&quot;:240}\">\u00a0<\/span><\/p>\n<p><span data-contrast=\"none\">En <\/span><span data-contrast=\"none\">2020, en virtud de la pandemia, tambi\u00e9n se implement\u00f3 el doblaje remoto. M\u00e1s de 400 profesionales recibieron asesoramiento para montar sus <\/span><i><span data-contrast=\"none\">home studios<\/span><\/i><span data-contrast=\"none\"> y el resultado, despu\u00e9s de una cuidadosa edici\u00f3n y mezcla, alcanza la misma calidad t\u00e9cnica de la grabaci\u00f3n realizada en nuestra sede.\u202f<\/span><span data-ccp-props=\"{&quot;134233117&quot;:false,&quot;134233118&quot;:false,&quot;201341983&quot;:0,&quot;335559738&quot;:0,&quot;335559739&quot;:0,&quot;335559740&quot;:240}\">\u00a0<\/span><\/p>\n<p><span data-ccp-props=\"{&quot;134233117&quot;:false,&quot;134233118&quot;:false,&quot;201341983&quot;:0,&quot;335559738&quot;:0,&quot;335559739&quot;:0,&quot;335559740&quot;:240}\">\u00a0<\/span><\/p>\n<p><span data-contrast=\"none\">Priorizamos la atenci\u00f3n inmediata al cliente y la calidad art\u00edstica y t\u00e9cnica de nuestros productos del sector audiovisual. En 2016, 2018 y 2020 tuvimos la alegr\u00eda de recibir el Premio <\/span><i><span data-contrast=\"none\">Parceiros em Excel\u00eancia<\/span><\/i><span data-contrast=\"none\"> promovido por Grupo Globo, uno de nuestros principales clientes.\u202f<\/span><span data-ccp-props=\"{&quot;134233117&quot;:false,&quot;134233118&quot;:false,&quot;201341983&quot;:0,&quot;335559738&quot;:0,&quot;335559739&quot;:0,&quot;335559740&quot;:240}\">\u00a0<\/span><\/p>\n<p><span data-ccp-props=\"{&quot;134233117&quot;:false,&quot;134233118&quot;:false,&quot;201341983&quot;:0,&quot;335559738&quot;:0,&quot;335559739&quot;:0,&quot;335559740&quot;:240}\">\u00a0<\/span><\/p>\n<p><span data-contrast=\"none\">Nuestros socios tienen amplia experiencia en el sector:<\/span><br \/>\n<span data-contrast=\"none\">\u202f<\/span><span data-ccp-props=\"{&quot;134233117&quot;:false,&quot;134233118&quot;:false,&quot;201341983&quot;:0,&quot;335559738&quot;:0,&quot;335559739&quot;:0,&quot;335559740&quot;:240}\">\u00a0<\/span><\/p>\n<p><b><span data-contrast=\"none\">Ma\u00edra G\u00f3es <\/span><\/b><span data-contrast=\"none\">es dobladora hace 25 a\u00f1os y directora de doblaje hace 15. Su trabajo incluye las voces brasile\u00f1as de Dory en <\/span><i><span data-contrast=\"none\">Buscando a Nemo<\/span><\/i><span data-contrast=\"none\"> y<\/span><i><span data-contrast=\"none\"> Buscando a Dory<\/span><\/i><span data-contrast=\"none\">, Keira Knightley y Mila Kunis en diversas pel\u00edculas y centenas de otras producciones destacadas.\u00a0<\/span><span data-ccp-props=\"{&quot;134233117&quot;:false,&quot;134233118&quot;:false,&quot;201341983&quot;:0,&quot;335559738&quot;:0,&quot;335559739&quot;:0,&quot;335559740&quot;:240}\">\u00a0<\/span><\/p>\n<p><b><span data-contrast=\"none\">Sergio Beck<\/span><\/b><span data-contrast=\"none\"> es un excelente m\u00fasico, cantante e ingeniero de sonido graduado en Londres (SAE).\u202f\u202f<\/span><span data-ccp-props=\"{&quot;134233117&quot;:false,&quot;134233118&quot;:false,&quot;201341983&quot;:0,&quot;335559738&quot;:0,&quot;335559739&quot;:0,&quot;335559740&quot;:240}\">\u00a0<\/span><\/p>\n<p><span data-ccp-props=\"{&quot;134233117&quot;:false,&quot;134233118&quot;:false,&quot;201341983&quot;:0,&quot;335559738&quot;:0,&quot;335559739&quot;:0,&quot;335559740&quot;:240}\">\u00a0<\/span><\/p>\n<p><span data-contrast=\"none\">Los directores de doblaje que componen nuestro equipo son conceptuados profesionales del mercado y tenemos acceso a los m\u00e1s aclamados actores y actrices de doblaje de R\u00edo de Janeiro y San Pablo.\u202f<\/span><span data-ccp-props=\"{&quot;134233117&quot;:false,&quot;134233118&quot;:false,&quot;201341983&quot;:0,&quot;335559738&quot;:0,&quot;335559739&quot;:0,&quot;335559740&quot;:240}\">\u00a0<\/span><\/p>\n<p><span data-contrast=\"none\">Despu\u00e9s de una reciente reforma, Beck Studios inicia una nueva fase de nuevas alianzas y muchos frutos cosechados despu\u00e9s de una trayectoria de un dedicado trabajo y diversos logros.\u202f<\/span><span data-ccp-props=\"{&quot;134233117&quot;:false,&quot;134233118&quot;:false,&quot;201341983&quot;:0,&quot;335559738&quot;:0,&quot;335559739&quot;:0,&quot;335559740&quot;:240}\">\u00a0<\/span><\/p>\n<p><span data-contrast=\"none\">\u202f\u202f<\/span><br \/>\n<span data-contrast=\"none\">\u00a1Bienvenidos!\u202f<\/span><span data-ccp-props=\"{&quot;134233117&quot;:false,&quot;134233118&quot;:false,&quot;201341983&quot;:0,&quot;335559738&quot;:0,&quot;335559739&quot;:0,&quot;335559740&quot;:240}\">\u00a0<\/span><\/p>","protected":false},"excerpt":{"rendered":"<p>Beck Studios es una empresa consolidada en el mercado del doblaje, voz original, audiodescripci\u00f3n y audiolibro. Cuenta con tres salas de grabaci\u00f3n y una sala de mezcla y est\u00e1 ubicado en el barrio Cosme Velho, en la zona sur de R\u00edo de Janeiro.\u00a0\u00a0 En 2020, en virtud de la pandemia, tambi\u00e9n se implement\u00f3 el doblaje remoto. M\u00e1s de 400 profesionales recibieron asesoramiento para montar sus home studios y el resultado, despu\u00e9s de una cuidadosa edici\u00f3n y mezcla, alcanza la misma&#8230;<\/p>\n","protected":false},"author":1,"featured_media":0,"parent":0,"menu_order":11,"comment_status":"closed","ping_status":"closed","template":"","meta":[],"acf":[],"yoast_head":"<!-- This site is optimized with the Yoast SEO plugin v19.6.1 - https:\/\/yoast.com\/wordpress\/plugins\/seo\/ -->\n<title>Quienes somos - Beck Studios<\/title>\n<meta name=\"robots\" content=\"index, follow, max-snippet:-1, max-image-preview:large, max-video-preview:-1\" \/>\n<link rel=\"canonical\" href=\"https:\/\/beckstudios.com.br\/es\/quienes-somos\/\" \/>\n<meta property=\"og:locale\" content=\"es_ES\" \/>\n<meta property=\"og:type\" content=\"article\" \/>\n<meta property=\"og:title\" content=\"Quienes somos - Beck Studios\" \/>\n<meta property=\"og:description\" content=\"Beck Studios es una empresa consolidada en el mercado del doblaje, voz original, audiodescripci\u00f3n y audiolibro. Cuenta con tres salas de grabaci\u00f3n y una sala de mezcla y est\u00e1 ubicado en el barrio Cosme Velho, en la zona sur de R\u00edo de Janeiro.\u00a0\u00a0 En 2020, en virtud de la pandemia, tambi\u00e9n se implement\u00f3 el doblaje remoto. M\u00e1s de 400 profesionales recibieron asesoramiento para montar sus home studios y el resultado, despu\u00e9s de una cuidadosa edici\u00f3n y mezcla, alcanza la misma...\" \/>\n<meta property=\"og:url\" content=\"https:\/\/beckstudios.com.br\/es\/quienes-somos\/\" \/>\n<meta property=\"og:site_name\" content=\"Beck Studios\" \/>\n<meta property=\"article:modified_time\" content=\"2024-06-21T19:10:57+00:00\" \/>\n<meta name=\"twitter:card\" content=\"summary_large_image\" \/>\n<meta name=\"twitter:label1\" content=\"Tiempo de lectura\" \/>\n\t<meta name=\"twitter:data1\" content=\"2 minutos\" \/>\n<script type=\"application\/ld+json\" class=\"yoast-schema-graph\">{\"@context\":\"https:\/\/schema.org\",\"@graph\":[{\"@type\":\"WebPage\",\"@id\":\"https:\/\/beckstudios.com.br\/es\/quienes-somos\/\",\"url\":\"https:\/\/beckstudios.com.br\/es\/quienes-somos\/\",\"name\":\"Quienes somos - Beck Studios\",\"isPartOf\":{\"@id\":\"https:\/\/beckstudios.com.br\/es\/#website\"},\"datePublished\":\"2022-08-26T19:15:31+00:00\",\"dateModified\":\"2024-06-21T19:10:57+00:00\",\"breadcrumb\":{\"@id\":\"https:\/\/beckstudios.com.br\/es\/quienes-somos\/#breadcrumb\"},\"inLanguage\":\"es\",\"potentialAction\":[{\"@type\":\"ReadAction\",\"target\":[[\"https:\/\/beckstudios.com.br\/es\/quienes-somos\/\"]]}]},{\"@type\":\"BreadcrumbList\",\"@id\":\"https:\/\/beckstudios.com.br\/es\/quienes-somos\/#breadcrumb\",\"itemListElement\":[{\"@type\":\"ListItem\",\"position\":1,\"name\":\"Beck Studios\",\"item\":\"https:\/\/beckstudios.com.br\/es\/\"},{\"@type\":\"ListItem\",\"position\":2,\"name\":\"Quienes somos\"}]},{\"@type\":\"WebSite\",\"@id\":\"https:\/\/beckstudios.com.br\/es\/#website\",\"url\":\"https:\/\/beckstudios.com.br\/es\/\",\"name\":\"Beck Studios\",\"description\":\"S\u00f3 mais um site WordPress\",\"publisher\":{\"@id\":\"https:\/\/beckstudios.com.br\/es\/#organization\"},\"potentialAction\":[{\"@type\":\"SearchAction\",\"target\":{\"@type\":\"EntryPoint\",\"urlTemplate\":\"https:\/\/beckstudios.com.br\/es\/?s={search_term_string}\"},\"query-input\":\"required name=search_term_string\"}],\"inLanguage\":\"es\"},{\"@type\":\"Organization\",\"@id\":\"https:\/\/beckstudios.com.br\/es\/#organization\",\"name\":\"Beck Studios\",\"url\":\"https:\/\/beckstudios.com.br\/es\/\",\"sameAs\":[],\"logo\":{\"@type\":\"ImageObject\",\"inLanguage\":\"es\",\"@id\":\"https:\/\/beckstudios.com.br\/es\/#\/schema\/logo\/image\/\",\"url\":\"https:\/\/beckstudios.com.br\/wp-content\/uploads\/2022\/08\/logo.png\",\"contentUrl\":\"https:\/\/beckstudios.com.br\/wp-content\/uploads\/2022\/08\/logo.png\",\"width\":132,\"height\":72,\"caption\":\"Beck Studios\"},\"image\":{\"@id\":\"https:\/\/beckstudios.com.br\/es\/#\/schema\/logo\/image\/\"}}]}<\/script>\n<!-- \/ Yoast SEO plugin. -->","yoast_head_json":{"title":"Quienes somos - Beck Studios","robots":{"index":"index","follow":"follow","max-snippet":"max-snippet:-1","max-image-preview":"max-image-preview:large","max-video-preview":"max-video-preview:-1"},"canonical":"https:\/\/beckstudios.com.br\/es\/quienes-somos\/","og_locale":"es_ES","og_type":"article","og_title":"Quienes somos - Beck Studios","og_description":"Beck Studios es una empresa consolidada en el mercado del doblaje, voz original, audiodescripci\u00f3n y audiolibro. Cuenta con tres salas de grabaci\u00f3n y una sala de mezcla y est\u00e1 ubicado en el barrio Cosme Velho, en la zona sur de R\u00edo de Janeiro.\u00a0\u00a0 En 2020, en virtud de la pandemia, tambi\u00e9n se implement\u00f3 el doblaje remoto. M\u00e1s de 400 profesionales recibieron asesoramiento para montar sus home studios y el resultado, despu\u00e9s de una cuidadosa edici\u00f3n y mezcla, alcanza la misma...","og_url":"https:\/\/beckstudios.com.br\/es\/quienes-somos\/","og_site_name":"Beck Studios","article_modified_time":"2024-06-21T19:10:57+00:00","twitter_card":"summary_large_image","twitter_misc":{"Tiempo de lectura":"2 minutos"},"schema":{"@context":"https:\/\/schema.org","@graph":[{"@type":"WebPage","@id":"https:\/\/beckstudios.com.br\/es\/quienes-somos\/","url":"https:\/\/beckstudios.com.br\/es\/quienes-somos\/","name":"Quienes somos - Beck Studios","isPartOf":{"@id":"https:\/\/beckstudios.com.br\/es\/#website"},"datePublished":"2022-08-26T19:15:31+00:00","dateModified":"2024-06-21T19:10:57+00:00","breadcrumb":{"@id":"https:\/\/beckstudios.com.br\/es\/quienes-somos\/#breadcrumb"},"inLanguage":"es","potentialAction":[{"@type":"ReadAction","target":[["https:\/\/beckstudios.com.br\/es\/quienes-somos\/"]]}]},{"@type":"BreadcrumbList","@id":"https:\/\/beckstudios.com.br\/es\/quienes-somos\/#breadcrumb","itemListElement":[{"@type":"ListItem","position":1,"name":"Beck Studios","item":"https:\/\/beckstudios.com.br\/es\/"},{"@type":"ListItem","position":2,"name":"Quienes somos"}]},{"@type":"WebSite","@id":"https:\/\/beckstudios.com.br\/es\/#website","url":"https:\/\/beckstudios.com.br\/es\/","name":"Beck Studios","description":"S\u00f3 mais um site WordPress","publisher":{"@id":"https:\/\/beckstudios.com.br\/es\/#organization"},"potentialAction":[{"@type":"SearchAction","target":{"@type":"EntryPoint","urlTemplate":"https:\/\/beckstudios.com.br\/es\/?s={search_term_string}"},"query-input":"required name=search_term_string"}],"inLanguage":"es"},{"@type":"Organization","@id":"https:\/\/beckstudios.com.br\/es\/#organization","name":"Beck Studios","url":"https:\/\/beckstudios.com.br\/es\/","sameAs":[],"logo":{"@type":"ImageObject","inLanguage":"es","@id":"https:\/\/beckstudios.com.br\/es\/#\/schema\/logo\/image\/","url":"https:\/\/beckstudios.com.br\/wp-content\/uploads\/2022\/08\/logo.png","contentUrl":"https:\/\/beckstudios.com.br\/wp-content\/uploads\/2022\/08\/logo.png","width":132,"height":72,"caption":"Beck Studios"},"image":{"@id":"https:\/\/beckstudios.com.br\/es\/#\/schema\/logo\/image\/"}}]}},"_links":{"self":[{"href":"https:\/\/beckstudios.com.br\/es\/wp-json\/wp\/v2\/pages\/15"}],"collection":[{"href":"https:\/\/beckstudios.com.br\/es\/wp-json\/wp\/v2\/pages"}],"about":[{"href":"https:\/\/beckstudios.com.br\/es\/wp-json\/wp\/v2\/types\/page"}],"author":[{"embeddable":true,"href":"https:\/\/beckstudios.com.br\/es\/wp-json\/wp\/v2\/users\/1"}],"replies":[{"embeddable":true,"href":"https:\/\/beckstudios.com.br\/es\/wp-json\/wp\/v2\/comments?post=15"}],"version-history":[{"count":2,"href":"https:\/\/beckstudios.com.br\/es\/wp-json\/wp\/v2\/pages\/15\/revisions"}],"predecessor-version":[{"id":1518,"href":"https:\/\/beckstudios.com.br\/es\/wp-json\/wp\/v2\/pages\/15\/revisions\/1518"}],"wp:attachment":[{"href":"https:\/\/beckstudios.com.br\/es\/wp-json\/wp\/v2\/media?parent=15"}],"curies":[{"name":"wp","href":"https:\/\/api.w.org\/{rel}","templated":true}]}}