{"id":30,"date":"2022-09-01T17:32:26","date_gmt":"2022-09-01T20:32:26","guid":{"rendered":"http:\/\/dev.beckstudios.com.br\/?page_id=30"},"modified":"2022-10-27T19:13:36","modified_gmt":"2022-10-27T22:13:36","slug":"dublagem","status":"publish","type":"page","link":"https:\/\/beckstudios.com.br\/es\/servicios\/doblaje\/","title":{"rendered":"Doblaje"},"content":{"rendered":"<p>Desde 2011, Beck Studios produce doblaje, primando siempre la calidad art\u00edstica y t\u00e9cnica y la atenci\u00f3n inmediata al cliente. En nuestro casting de actores de doblaje est\u00e1n los m\u00e1s talentosos artistas de Rio de Janeiro y S\u00e3o Paulo. Nuestro celo por el producto doblado lo hace realmente diferente. Y esto nos vali\u00f3 3 importantes premios brasile\u00f1os en \u00abParceiros em Excel\u00eancia\u00bb, promovido por el Grupo Globo, la mayor programadora de Am\u00e9rica Latina y una de las m\u00e1s grandes del mundo.<\/p>","protected":false},"excerpt":{"rendered":"<p>Desde 2011, Beck Studios produce doblaje, primando siempre la calidad art\u00edstica y t\u00e9cnica y la atenci\u00f3n inmediata al cliente. En nuestro casting de actores de doblaje est\u00e1n los m\u00e1s talentosos artistas de Rio de Janeiro y S\u00e3o Paulo. Nuestro celo por el producto doblado lo hace realmente diferente. Y esto nos vali\u00f3 3 importantes premios brasile\u00f1os en \u00abParceiros em Excel\u00eancia\u00bb, promovido por el Grupo Globo, la mayor programadora de Am\u00e9rica Latina y una de las m\u00e1s grandes del mundo.<\/p>\n","protected":false},"author":1,"featured_media":0,"parent":17,"menu_order":6,"comment_status":"closed","ping_status":"closed","template":"page-child.php","meta":[],"acf":[],"yoast_head":"<!-- This site is optimized with the Yoast SEO plugin v19.6.1 - https:\/\/yoast.com\/wordpress\/plugins\/seo\/ -->\n<title>Doblaje - Beck Studios<\/title>\n<meta name=\"robots\" content=\"index, follow, max-snippet:-1, max-image-preview:large, max-video-preview:-1\" \/>\n<link rel=\"canonical\" href=\"https:\/\/beckstudios.com.br\/es\/servicios\/doblaje\/\" \/>\n<meta property=\"og:locale\" content=\"es_ES\" \/>\n<meta property=\"og:type\" content=\"article\" \/>\n<meta property=\"og:title\" content=\"Doblaje - Beck Studios\" \/>\n<meta property=\"og:description\" content=\"Desde 2011, Beck Studios produce doblaje, primando siempre la calidad art\u00edstica y t\u00e9cnica y la atenci\u00f3n inmediata al cliente. En nuestro casting de actores de doblaje est\u00e1n los m\u00e1s talentosos artistas de Rio de Janeiro y S\u00e3o Paulo. Nuestro celo por el producto doblado lo hace realmente diferente. Y esto nos vali\u00f3 3 importantes premios brasile\u00f1os en \u00abParceiros em Excel\u00eancia\u00bb, promovido por el Grupo Globo, la mayor programadora de Am\u00e9rica Latina y una de las m\u00e1s grandes del mundo.\" \/>\n<meta property=\"og:url\" content=\"https:\/\/beckstudios.com.br\/es\/servicios\/doblaje\/\" \/>\n<meta property=\"og:site_name\" content=\"Beck Studios\" \/>\n<meta property=\"article:modified_time\" content=\"2022-10-27T22:13:36+00:00\" \/>\n<meta name=\"twitter:card\" content=\"summary_large_image\" \/>\n<meta name=\"twitter:label1\" content=\"Tiempo de lectura\" \/>\n\t<meta name=\"twitter:data1\" content=\"1 minuto\" \/>\n<script type=\"application\/ld+json\" class=\"yoast-schema-graph\">{\"@context\":\"https:\/\/schema.org\",\"@graph\":[{\"@type\":\"WebPage\",\"@id\":\"https:\/\/beckstudios.com.br\/es\/servicios\/doblaje\/\",\"url\":\"https:\/\/beckstudios.com.br\/es\/servicios\/doblaje\/\",\"name\":\"Doblaje - Beck Studios\",\"isPartOf\":{\"@id\":\"https:\/\/beckstudios.com.br\/es\/#website\"},\"datePublished\":\"2022-09-01T20:32:26+00:00\",\"dateModified\":\"2022-10-27T22:13:36+00:00\",\"breadcrumb\":{\"@id\":\"https:\/\/beckstudios.com.br\/es\/servicios\/doblaje\/#breadcrumb\"},\"inLanguage\":\"es\",\"potentialAction\":[{\"@type\":\"ReadAction\",\"target\":[[\"https:\/\/beckstudios.com.br\/es\/servicios\/doblaje\/\"]]}]},{\"@type\":\"BreadcrumbList\",\"@id\":\"https:\/\/beckstudios.com.br\/es\/servicios\/doblaje\/#breadcrumb\",\"itemListElement\":[{\"@type\":\"ListItem\",\"position\":1,\"name\":\"Beck Studios\",\"item\":\"https:\/\/beckstudios.com.br\/es\/\"},{\"@type\":\"ListItem\",\"position\":2,\"name\":\"Servicios\",\"item\":\"https:\/\/beckstudios.com.br\/es\/servicios\/\"},{\"@type\":\"ListItem\",\"position\":3,\"name\":\"Doblaje\"}]},{\"@type\":\"WebSite\",\"@id\":\"https:\/\/beckstudios.com.br\/es\/#website\",\"url\":\"https:\/\/beckstudios.com.br\/es\/\",\"name\":\"Beck Studios\",\"description\":\"S\u00f3 mais um site WordPress\",\"publisher\":{\"@id\":\"https:\/\/beckstudios.com.br\/es\/#organization\"},\"potentialAction\":[{\"@type\":\"SearchAction\",\"target\":{\"@type\":\"EntryPoint\",\"urlTemplate\":\"https:\/\/beckstudios.com.br\/es\/?s={search_term_string}\"},\"query-input\":\"required name=search_term_string\"}],\"inLanguage\":\"es\"},{\"@type\":\"Organization\",\"@id\":\"https:\/\/beckstudios.com.br\/es\/#organization\",\"name\":\"Beck Studios\",\"url\":\"https:\/\/beckstudios.com.br\/es\/\",\"sameAs\":[],\"logo\":{\"@type\":\"ImageObject\",\"inLanguage\":\"es\",\"@id\":\"https:\/\/beckstudios.com.br\/es\/#\/schema\/logo\/image\/\",\"url\":\"https:\/\/beckstudios.com.br\/wp-content\/uploads\/2022\/08\/logo.png\",\"contentUrl\":\"https:\/\/beckstudios.com.br\/wp-content\/uploads\/2022\/08\/logo.png\",\"width\":132,\"height\":72,\"caption\":\"Beck Studios\"},\"image\":{\"@id\":\"https:\/\/beckstudios.com.br\/es\/#\/schema\/logo\/image\/\"}}]}<\/script>\n<!-- \/ Yoast SEO plugin. -->","yoast_head_json":{"title":"Doblaje - Beck Studios","robots":{"index":"index","follow":"follow","max-snippet":"max-snippet:-1","max-image-preview":"max-image-preview:large","max-video-preview":"max-video-preview:-1"},"canonical":"https:\/\/beckstudios.com.br\/es\/servicios\/doblaje\/","og_locale":"es_ES","og_type":"article","og_title":"Doblaje - Beck Studios","og_description":"Desde 2011, Beck Studios produce doblaje, primando siempre la calidad art\u00edstica y t\u00e9cnica y la atenci\u00f3n inmediata al cliente. En nuestro casting de actores de doblaje est\u00e1n los m\u00e1s talentosos artistas de Rio de Janeiro y S\u00e3o Paulo. Nuestro celo por el producto doblado lo hace realmente diferente. Y esto nos vali\u00f3 3 importantes premios brasile\u00f1os en \u00abParceiros em Excel\u00eancia\u00bb, promovido por el Grupo Globo, la mayor programadora de Am\u00e9rica Latina y una de las m\u00e1s grandes del mundo.","og_url":"https:\/\/beckstudios.com.br\/es\/servicios\/doblaje\/","og_site_name":"Beck Studios","article_modified_time":"2022-10-27T22:13:36+00:00","twitter_card":"summary_large_image","twitter_misc":{"Tiempo de lectura":"1 minuto"},"schema":{"@context":"https:\/\/schema.org","@graph":[{"@type":"WebPage","@id":"https:\/\/beckstudios.com.br\/es\/servicios\/doblaje\/","url":"https:\/\/beckstudios.com.br\/es\/servicios\/doblaje\/","name":"Doblaje - Beck Studios","isPartOf":{"@id":"https:\/\/beckstudios.com.br\/es\/#website"},"datePublished":"2022-09-01T20:32:26+00:00","dateModified":"2022-10-27T22:13:36+00:00","breadcrumb":{"@id":"https:\/\/beckstudios.com.br\/es\/servicios\/doblaje\/#breadcrumb"},"inLanguage":"es","potentialAction":[{"@type":"ReadAction","target":[["https:\/\/beckstudios.com.br\/es\/servicios\/doblaje\/"]]}]},{"@type":"BreadcrumbList","@id":"https:\/\/beckstudios.com.br\/es\/servicios\/doblaje\/#breadcrumb","itemListElement":[{"@type":"ListItem","position":1,"name":"Beck Studios","item":"https:\/\/beckstudios.com.br\/es\/"},{"@type":"ListItem","position":2,"name":"Servicios","item":"https:\/\/beckstudios.com.br\/es\/servicios\/"},{"@type":"ListItem","position":3,"name":"Doblaje"}]},{"@type":"WebSite","@id":"https:\/\/beckstudios.com.br\/es\/#website","url":"https:\/\/beckstudios.com.br\/es\/","name":"Beck Studios","description":"S\u00f3 mais um site WordPress","publisher":{"@id":"https:\/\/beckstudios.com.br\/es\/#organization"},"potentialAction":[{"@type":"SearchAction","target":{"@type":"EntryPoint","urlTemplate":"https:\/\/beckstudios.com.br\/es\/?s={search_term_string}"},"query-input":"required name=search_term_string"}],"inLanguage":"es"},{"@type":"Organization","@id":"https:\/\/beckstudios.com.br\/es\/#organization","name":"Beck Studios","url":"https:\/\/beckstudios.com.br\/es\/","sameAs":[],"logo":{"@type":"ImageObject","inLanguage":"es","@id":"https:\/\/beckstudios.com.br\/es\/#\/schema\/logo\/image\/","url":"https:\/\/beckstudios.com.br\/wp-content\/uploads\/2022\/08\/logo.png","contentUrl":"https:\/\/beckstudios.com.br\/wp-content\/uploads\/2022\/08\/logo.png","width":132,"height":72,"caption":"Beck Studios"},"image":{"@id":"https:\/\/beckstudios.com.br\/es\/#\/schema\/logo\/image\/"}}]}},"_links":{"self":[{"href":"https:\/\/beckstudios.com.br\/es\/wp-json\/wp\/v2\/pages\/30"}],"collection":[{"href":"https:\/\/beckstudios.com.br\/es\/wp-json\/wp\/v2\/pages"}],"about":[{"href":"https:\/\/beckstudios.com.br\/es\/wp-json\/wp\/v2\/types\/page"}],"author":[{"embeddable":true,"href":"https:\/\/beckstudios.com.br\/es\/wp-json\/wp\/v2\/users\/1"}],"replies":[{"embeddable":true,"href":"https:\/\/beckstudios.com.br\/es\/wp-json\/wp\/v2\/comments?post=30"}],"version-history":[{"count":2,"href":"https:\/\/beckstudios.com.br\/es\/wp-json\/wp\/v2\/pages\/30\/revisions"}],"predecessor-version":[{"id":1358,"href":"https:\/\/beckstudios.com.br\/es\/wp-json\/wp\/v2\/pages\/30\/revisions\/1358"}],"up":[{"embeddable":true,"href":"https:\/\/beckstudios.com.br\/es\/wp-json\/wp\/v2\/pages\/17"}],"wp:attachment":[{"href":"https:\/\/beckstudios.com.br\/es\/wp-json\/wp\/v2\/media?parent=30"}],"curies":[{"name":"wp","href":"https:\/\/api.w.org\/{rel}","templated":true}]}}