{"id":36,"date":"2022-09-02T11:45:25","date_gmt":"2022-09-02T14:45:25","guid":{"rendered":"http:\/\/dev.beckstudios.com.br\/?page_id=36"},"modified":"2022-10-26T08:27:54","modified_gmt":"2022-10-26T11:27:54","slug":"audiodescricao","status":"publish","type":"page","link":"https:\/\/beckstudios.com.br\/es\/servicios\/audiodescripcion\/","title":{"rendered":"Audiodescripci\u00f3n"},"content":{"rendered":"<p><span data-contrast=\"auto\">LA ACCESIBILIDAD ES LEY<\/span><span data-ccp-props=\"{&quot;201341983&quot;:0,&quot;335559739&quot;:160,&quot;335559740&quot;:259}\">\u00a0<\/span><\/p>\n<p><span data-ccp-props=\"{&quot;201341983&quot;:0,&quot;335559739&quot;:160,&quot;335559740&quot;:259}\">\u00a0<\/span><\/p>\n<p><span data-contrast=\"none\">La <\/span><span data-contrast=\"none\">audiodescripci\u00f3n<\/span><span data-contrast=\"none\">\u202fes un recurso que<\/span><b><span data-contrast=\"none\">\u202f<\/span><\/b><span data-contrast=\"none\">traduce im\u00e1genes en palabras<\/span><b><span data-contrast=\"none\">,<\/span><\/b><span data-contrast=\"none\"> permitiendo que personas ciegas o con baja visi\u00f3n logren comprender contenidos audiovisuales. Beck Studios fue pionero en ofrecer este servicio en Brasil desde que la ley 12.485 del 12 de septiembre de 2011 entr\u00f3 en vigor.\u00a0 En alianza con TV Globo, ayud\u00f3 a implementar este recurso en la programaci\u00f3n de la emisora y ya cuenta entre sus trabajos con centenas de t\u00edtulos que contienen pista sonora de accesibilidad.<\/span><span data-ccp-props=\"{&quot;201341983&quot;:0,&quot;335559739&quot;:160,&quot;335559740&quot;:259}\">\u00a0<\/span><\/p>\n<p><span data-contrast=\"none\">La LEY:<\/span><span data-ccp-props=\"{&quot;201341983&quot;:0,&quot;335559739&quot;:160,&quot;335559740&quot;:259}\">\u00a0<\/span><\/p>\n<p><a href=\"https:\/\/www.planalto.gov.br\/ccivil_03\/_Ato2011-2014\/2011\/Lei\/L12485.htm\"><span data-contrast=\"none\">https:\/\/www.planalto.gov.br\/ccivil_03\/_Ato2011-2014\/2011\/Lei\/L12485.htm<\/span><\/a><span data-ccp-props=\"{&quot;201341983&quot;:0,&quot;335559739&quot;:160,&quot;335559740&quot;:259}\">\u00a0<\/span><\/p>","protected":false},"excerpt":{"rendered":"<p>LA ACCESIBILIDAD ES LEY\u00a0 \u00a0 La audiodescripci\u00f3n\u202fes un recurso que\u202ftraduce im\u00e1genes en palabras, permitiendo que personas ciegas o con baja visi\u00f3n logren comprender contenidos audiovisuales. Beck Studios fue pionero en ofrecer este servicio en Brasil desde que la ley 12.485 del 12 de septiembre de 2011 entr\u00f3 en vigor.\u00a0 En alianza con TV Globo, ayud\u00f3 a implementar este recurso en la programaci\u00f3n de la emisora y ya cuenta entre sus trabajos con centenas de t\u00edtulos que contienen pista sonora de&#8230;<\/p>\n","protected":false},"author":1,"featured_media":0,"parent":17,"menu_order":2,"comment_status":"closed","ping_status":"closed","template":"page-child.php","meta":[],"acf":[],"yoast_head":"<!-- This site is optimized with the Yoast SEO plugin v19.6.1 - https:\/\/yoast.com\/wordpress\/plugins\/seo\/ -->\n<title>Audiodescripci\u00f3n - Beck Studios<\/title>\n<meta name=\"robots\" content=\"index, follow, max-snippet:-1, max-image-preview:large, max-video-preview:-1\" \/>\n<link rel=\"canonical\" href=\"https:\/\/beckstudios.com.br\/es\/servicios\/audiodescripcion\/\" \/>\n<meta property=\"og:locale\" content=\"es_ES\" \/>\n<meta property=\"og:type\" content=\"article\" \/>\n<meta property=\"og:title\" content=\"Audiodescripci\u00f3n - Beck Studios\" \/>\n<meta property=\"og:description\" content=\"LA ACCESIBILIDAD ES LEY\u00a0 \u00a0 La audiodescripci\u00f3n\u202fes un recurso que\u202ftraduce im\u00e1genes en palabras, permitiendo que personas ciegas o con baja visi\u00f3n logren comprender contenidos audiovisuales. Beck Studios fue pionero en ofrecer este servicio en Brasil desde que la ley 12.485 del 12 de septiembre de 2011 entr\u00f3 en vigor.\u00a0 En alianza con TV Globo, ayud\u00f3 a implementar este recurso en la programaci\u00f3n de la emisora y ya cuenta entre sus trabajos con centenas de t\u00edtulos que contienen pista sonora de...\" \/>\n<meta property=\"og:url\" content=\"https:\/\/beckstudios.com.br\/es\/servicios\/audiodescripcion\/\" \/>\n<meta property=\"og:site_name\" content=\"Beck Studios\" \/>\n<meta property=\"article:modified_time\" content=\"2022-10-26T11:27:54+00:00\" \/>\n<meta name=\"twitter:card\" content=\"summary_large_image\" \/>\n<meta name=\"twitter:label1\" content=\"Tiempo de lectura\" \/>\n\t<meta name=\"twitter:data1\" content=\"1 minuto\" \/>\n<script type=\"application\/ld+json\" class=\"yoast-schema-graph\">{\"@context\":\"https:\/\/schema.org\",\"@graph\":[{\"@type\":\"WebPage\",\"@id\":\"https:\/\/beckstudios.com.br\/es\/servicios\/audiodescripcion\/\",\"url\":\"https:\/\/beckstudios.com.br\/es\/servicios\/audiodescripcion\/\",\"name\":\"Audiodescripci\u00f3n - Beck Studios\",\"isPartOf\":{\"@id\":\"https:\/\/beckstudios.com.br\/es\/#website\"},\"datePublished\":\"2022-09-02T14:45:25+00:00\",\"dateModified\":\"2022-10-26T11:27:54+00:00\",\"breadcrumb\":{\"@id\":\"https:\/\/beckstudios.com.br\/es\/servicios\/audiodescripcion\/#breadcrumb\"},\"inLanguage\":\"es\",\"potentialAction\":[{\"@type\":\"ReadAction\",\"target\":[[\"https:\/\/beckstudios.com.br\/es\/servicios\/audiodescripcion\/\"]]}]},{\"@type\":\"BreadcrumbList\",\"@id\":\"https:\/\/beckstudios.com.br\/es\/servicios\/audiodescripcion\/#breadcrumb\",\"itemListElement\":[{\"@type\":\"ListItem\",\"position\":1,\"name\":\"Beck Studios\",\"item\":\"https:\/\/beckstudios.com.br\/es\/\"},{\"@type\":\"ListItem\",\"position\":2,\"name\":\"Servicios\",\"item\":\"https:\/\/beckstudios.com.br\/es\/servicios\/\"},{\"@type\":\"ListItem\",\"position\":3,\"name\":\"Audiodescripci\u00f3n\"}]},{\"@type\":\"WebSite\",\"@id\":\"https:\/\/beckstudios.com.br\/es\/#website\",\"url\":\"https:\/\/beckstudios.com.br\/es\/\",\"name\":\"Beck Studios\",\"description\":\"S\u00f3 mais um site WordPress\",\"publisher\":{\"@id\":\"https:\/\/beckstudios.com.br\/es\/#organization\"},\"potentialAction\":[{\"@type\":\"SearchAction\",\"target\":{\"@type\":\"EntryPoint\",\"urlTemplate\":\"https:\/\/beckstudios.com.br\/es\/?s={search_term_string}\"},\"query-input\":\"required name=search_term_string\"}],\"inLanguage\":\"es\"},{\"@type\":\"Organization\",\"@id\":\"https:\/\/beckstudios.com.br\/es\/#organization\",\"name\":\"Beck Studios\",\"url\":\"https:\/\/beckstudios.com.br\/es\/\",\"sameAs\":[],\"logo\":{\"@type\":\"ImageObject\",\"inLanguage\":\"es\",\"@id\":\"https:\/\/beckstudios.com.br\/es\/#\/schema\/logo\/image\/\",\"url\":\"https:\/\/beckstudios.com.br\/wp-content\/uploads\/2022\/08\/logo.png\",\"contentUrl\":\"https:\/\/beckstudios.com.br\/wp-content\/uploads\/2022\/08\/logo.png\",\"width\":132,\"height\":72,\"caption\":\"Beck Studios\"},\"image\":{\"@id\":\"https:\/\/beckstudios.com.br\/es\/#\/schema\/logo\/image\/\"}}]}<\/script>\n<!-- \/ Yoast SEO plugin. -->","yoast_head_json":{"title":"Audiodescripci\u00f3n - Beck Studios","robots":{"index":"index","follow":"follow","max-snippet":"max-snippet:-1","max-image-preview":"max-image-preview:large","max-video-preview":"max-video-preview:-1"},"canonical":"https:\/\/beckstudios.com.br\/es\/servicios\/audiodescripcion\/","og_locale":"es_ES","og_type":"article","og_title":"Audiodescripci\u00f3n - Beck Studios","og_description":"LA ACCESIBILIDAD ES LEY\u00a0 \u00a0 La audiodescripci\u00f3n\u202fes un recurso que\u202ftraduce im\u00e1genes en palabras, permitiendo que personas ciegas o con baja visi\u00f3n logren comprender contenidos audiovisuales. Beck Studios fue pionero en ofrecer este servicio en Brasil desde que la ley 12.485 del 12 de septiembre de 2011 entr\u00f3 en vigor.\u00a0 En alianza con TV Globo, ayud\u00f3 a implementar este recurso en la programaci\u00f3n de la emisora y ya cuenta entre sus trabajos con centenas de t\u00edtulos que contienen pista sonora de...","og_url":"https:\/\/beckstudios.com.br\/es\/servicios\/audiodescripcion\/","og_site_name":"Beck Studios","article_modified_time":"2022-10-26T11:27:54+00:00","twitter_card":"summary_large_image","twitter_misc":{"Tiempo de lectura":"1 minuto"},"schema":{"@context":"https:\/\/schema.org","@graph":[{"@type":"WebPage","@id":"https:\/\/beckstudios.com.br\/es\/servicios\/audiodescripcion\/","url":"https:\/\/beckstudios.com.br\/es\/servicios\/audiodescripcion\/","name":"Audiodescripci\u00f3n - Beck Studios","isPartOf":{"@id":"https:\/\/beckstudios.com.br\/es\/#website"},"datePublished":"2022-09-02T14:45:25+00:00","dateModified":"2022-10-26T11:27:54+00:00","breadcrumb":{"@id":"https:\/\/beckstudios.com.br\/es\/servicios\/audiodescripcion\/#breadcrumb"},"inLanguage":"es","potentialAction":[{"@type":"ReadAction","target":[["https:\/\/beckstudios.com.br\/es\/servicios\/audiodescripcion\/"]]}]},{"@type":"BreadcrumbList","@id":"https:\/\/beckstudios.com.br\/es\/servicios\/audiodescripcion\/#breadcrumb","itemListElement":[{"@type":"ListItem","position":1,"name":"Beck Studios","item":"https:\/\/beckstudios.com.br\/es\/"},{"@type":"ListItem","position":2,"name":"Servicios","item":"https:\/\/beckstudios.com.br\/es\/servicios\/"},{"@type":"ListItem","position":3,"name":"Audiodescripci\u00f3n"}]},{"@type":"WebSite","@id":"https:\/\/beckstudios.com.br\/es\/#website","url":"https:\/\/beckstudios.com.br\/es\/","name":"Beck Studios","description":"S\u00f3 mais um site WordPress","publisher":{"@id":"https:\/\/beckstudios.com.br\/es\/#organization"},"potentialAction":[{"@type":"SearchAction","target":{"@type":"EntryPoint","urlTemplate":"https:\/\/beckstudios.com.br\/es\/?s={search_term_string}"},"query-input":"required name=search_term_string"}],"inLanguage":"es"},{"@type":"Organization","@id":"https:\/\/beckstudios.com.br\/es\/#organization","name":"Beck Studios","url":"https:\/\/beckstudios.com.br\/es\/","sameAs":[],"logo":{"@type":"ImageObject","inLanguage":"es","@id":"https:\/\/beckstudios.com.br\/es\/#\/schema\/logo\/image\/","url":"https:\/\/beckstudios.com.br\/wp-content\/uploads\/2022\/08\/logo.png","contentUrl":"https:\/\/beckstudios.com.br\/wp-content\/uploads\/2022\/08\/logo.png","width":132,"height":72,"caption":"Beck Studios"},"image":{"@id":"https:\/\/beckstudios.com.br\/es\/#\/schema\/logo\/image\/"}}]}},"_links":{"self":[{"href":"https:\/\/beckstudios.com.br\/es\/wp-json\/wp\/v2\/pages\/36"}],"collection":[{"href":"https:\/\/beckstudios.com.br\/es\/wp-json\/wp\/v2\/pages"}],"about":[{"href":"https:\/\/beckstudios.com.br\/es\/wp-json\/wp\/v2\/types\/page"}],"author":[{"embeddable":true,"href":"https:\/\/beckstudios.com.br\/es\/wp-json\/wp\/v2\/users\/1"}],"replies":[{"embeddable":true,"href":"https:\/\/beckstudios.com.br\/es\/wp-json\/wp\/v2\/comments?post=36"}],"version-history":[{"count":2,"href":"https:\/\/beckstudios.com.br\/es\/wp-json\/wp\/v2\/pages\/36\/revisions"}],"predecessor-version":[{"id":1340,"href":"https:\/\/beckstudios.com.br\/es\/wp-json\/wp\/v2\/pages\/36\/revisions\/1340"}],"up":[{"embeddable":true,"href":"https:\/\/beckstudios.com.br\/es\/wp-json\/wp\/v2\/pages\/17"}],"wp:attachment":[{"href":"https:\/\/beckstudios.com.br\/es\/wp-json\/wp\/v2\/media?parent=36"}],"curies":[{"name":"wp","href":"https:\/\/api.w.org\/{rel}","templated":true}]}}