{"id":48,"date":"2022-09-02T11:51:03","date_gmt":"2022-09-02T14:51:03","guid":{"rendered":"http:\/\/dev.beckstudios.com.br\/?page_id=48"},"modified":"2022-10-28T12:15:05","modified_gmt":"2022-10-28T15:15:05","slug":"audiolivro","status":"publish","type":"page","link":"https:\/\/beckstudios.com.br\/es\/servicios\/audio-libro\/","title":{"rendered":"audio libro"},"content":{"rendered":"<p>Un audiolibro es una grabaci\u00f3n de un libro le\u00eddo en voz alta por narradores profesionales o por el propio autor. Esta modalidad fue creada en la d\u00e9cada de 1930 e inicialmente se denomin\u00f3 \u201ctalking book\u201d.<\/p>\n<p>Los audiolibros son una gran herramienta para los lectores que tienen alguna limitaci\u00f3n f\u00edsica en la visi\u00f3n, dificultad para leer de cerca o incluso una discapacidad visual total. Pueden ser un facilitador para la adquisici\u00f3n de conocimientos en casos de personas con dislexia o para aquellas que tienen dificultad en el lenguaje escrito, como en casos de analfabetismo. Tambi\u00e9n es ideal para personas que quieren leer pero tienen poco tiempo. Este tipo de h\u00e1bito puede adaptarse f\u00e1cilmente a la rutina, porque permite realizar otra tarea simult\u00e1neamente.<\/p>\n<p>Beck Studios produce audiolibros en sociedad con las principales editoriales brasile\u00f1as y su casting cuenta con los mejores profesionales del mercado brasile\u00f1o narrando los m\u00e1s variados t\u00edtulos.<\/p>","protected":false},"excerpt":{"rendered":"<p>Un audiolibro es una grabaci\u00f3n de un libro le\u00eddo en voz alta por narradores profesionales o por el propio autor. Esta modalidad fue creada en la d\u00e9cada de 1930 e inicialmente se denomin\u00f3 \u201ctalking book\u201d. Los audiolibros son una gran herramienta para los lectores que tienen alguna limitaci\u00f3n f\u00edsica en la visi\u00f3n, dificultad para leer de cerca o incluso una discapacidad visual total. Pueden ser un facilitador para la adquisici\u00f3n de conocimientos en casos de personas con dislexia o para&#8230;<\/p>\n","protected":false},"author":1,"featured_media":0,"parent":17,"menu_order":3,"comment_status":"closed","ping_status":"closed","template":"page-child.php","meta":[],"acf":[],"yoast_head":"<!-- This site is optimized with the Yoast SEO plugin v19.6.1 - https:\/\/yoast.com\/wordpress\/plugins\/seo\/ -->\n<title>audio libro - Beck Studios<\/title>\n<meta name=\"robots\" content=\"index, follow, max-snippet:-1, max-image-preview:large, max-video-preview:-1\" \/>\n<link rel=\"canonical\" href=\"https:\/\/beckstudios.com.br\/es\/servicios\/audio-libro\/\" \/>\n<meta property=\"og:locale\" content=\"es_ES\" \/>\n<meta property=\"og:type\" content=\"article\" \/>\n<meta property=\"og:title\" content=\"audio libro - Beck Studios\" \/>\n<meta property=\"og:description\" content=\"Un audiolibro es una grabaci\u00f3n de un libro le\u00eddo en voz alta por narradores profesionales o por el propio autor. Esta modalidad fue creada en la d\u00e9cada de 1930 e inicialmente se denomin\u00f3 \u201ctalking book\u201d. Los audiolibros son una gran herramienta para los lectores que tienen alguna limitaci\u00f3n f\u00edsica en la visi\u00f3n, dificultad para leer de cerca o incluso una discapacidad visual total. Pueden ser un facilitador para la adquisici\u00f3n de conocimientos en casos de personas con dislexia o para...\" \/>\n<meta property=\"og:url\" content=\"https:\/\/beckstudios.com.br\/es\/servicios\/audio-libro\/\" \/>\n<meta property=\"og:site_name\" content=\"Beck Studios\" \/>\n<meta property=\"article:modified_time\" content=\"2022-10-28T15:15:05+00:00\" \/>\n<meta name=\"twitter:card\" content=\"summary_large_image\" \/>\n<meta name=\"twitter:label1\" content=\"Tiempo de lectura\" \/>\n\t<meta name=\"twitter:data1\" content=\"1 minuto\" \/>\n<script type=\"application\/ld+json\" class=\"yoast-schema-graph\">{\"@context\":\"https:\/\/schema.org\",\"@graph\":[{\"@type\":\"WebPage\",\"@id\":\"https:\/\/beckstudios.com.br\/es\/servicios\/audio-libro\/\",\"url\":\"https:\/\/beckstudios.com.br\/es\/servicios\/audio-libro\/\",\"name\":\"audio libro - Beck Studios\",\"isPartOf\":{\"@id\":\"https:\/\/beckstudios.com.br\/es\/#website\"},\"datePublished\":\"2022-09-02T14:51:03+00:00\",\"dateModified\":\"2022-10-28T15:15:05+00:00\",\"breadcrumb\":{\"@id\":\"https:\/\/beckstudios.com.br\/es\/servicios\/audio-libro\/#breadcrumb\"},\"inLanguage\":\"es\",\"potentialAction\":[{\"@type\":\"ReadAction\",\"target\":[[\"https:\/\/beckstudios.com.br\/es\/servicios\/audio-libro\/\"]]}]},{\"@type\":\"BreadcrumbList\",\"@id\":\"https:\/\/beckstudios.com.br\/es\/servicios\/audio-libro\/#breadcrumb\",\"itemListElement\":[{\"@type\":\"ListItem\",\"position\":1,\"name\":\"Beck Studios\",\"item\":\"https:\/\/beckstudios.com.br\/es\/\"},{\"@type\":\"ListItem\",\"position\":2,\"name\":\"Servicios\",\"item\":\"https:\/\/beckstudios.com.br\/es\/servicios\/\"},{\"@type\":\"ListItem\",\"position\":3,\"name\":\"audio libro\"}]},{\"@type\":\"WebSite\",\"@id\":\"https:\/\/beckstudios.com.br\/es\/#website\",\"url\":\"https:\/\/beckstudios.com.br\/es\/\",\"name\":\"Beck Studios\",\"description\":\"S\u00f3 mais um site WordPress\",\"publisher\":{\"@id\":\"https:\/\/beckstudios.com.br\/es\/#organization\"},\"potentialAction\":[{\"@type\":\"SearchAction\",\"target\":{\"@type\":\"EntryPoint\",\"urlTemplate\":\"https:\/\/beckstudios.com.br\/es\/?s={search_term_string}\"},\"query-input\":\"required name=search_term_string\"}],\"inLanguage\":\"es\"},{\"@type\":\"Organization\",\"@id\":\"https:\/\/beckstudios.com.br\/es\/#organization\",\"name\":\"Beck Studios\",\"url\":\"https:\/\/beckstudios.com.br\/es\/\",\"sameAs\":[],\"logo\":{\"@type\":\"ImageObject\",\"inLanguage\":\"es\",\"@id\":\"https:\/\/beckstudios.com.br\/es\/#\/schema\/logo\/image\/\",\"url\":\"https:\/\/beckstudios.com.br\/wp-content\/uploads\/2022\/08\/logo.png\",\"contentUrl\":\"https:\/\/beckstudios.com.br\/wp-content\/uploads\/2022\/08\/logo.png\",\"width\":132,\"height\":72,\"caption\":\"Beck Studios\"},\"image\":{\"@id\":\"https:\/\/beckstudios.com.br\/es\/#\/schema\/logo\/image\/\"}}]}<\/script>\n<!-- \/ Yoast SEO plugin. -->","yoast_head_json":{"title":"audio libro - Beck Studios","robots":{"index":"index","follow":"follow","max-snippet":"max-snippet:-1","max-image-preview":"max-image-preview:large","max-video-preview":"max-video-preview:-1"},"canonical":"https:\/\/beckstudios.com.br\/es\/servicios\/audio-libro\/","og_locale":"es_ES","og_type":"article","og_title":"audio libro - Beck Studios","og_description":"Un audiolibro es una grabaci\u00f3n de un libro le\u00eddo en voz alta por narradores profesionales o por el propio autor. Esta modalidad fue creada en la d\u00e9cada de 1930 e inicialmente se denomin\u00f3 \u201ctalking book\u201d. Los audiolibros son una gran herramienta para los lectores que tienen alguna limitaci\u00f3n f\u00edsica en la visi\u00f3n, dificultad para leer de cerca o incluso una discapacidad visual total. Pueden ser un facilitador para la adquisici\u00f3n de conocimientos en casos de personas con dislexia o para...","og_url":"https:\/\/beckstudios.com.br\/es\/servicios\/audio-libro\/","og_site_name":"Beck Studios","article_modified_time":"2022-10-28T15:15:05+00:00","twitter_card":"summary_large_image","twitter_misc":{"Tiempo de lectura":"1 minuto"},"schema":{"@context":"https:\/\/schema.org","@graph":[{"@type":"WebPage","@id":"https:\/\/beckstudios.com.br\/es\/servicios\/audio-libro\/","url":"https:\/\/beckstudios.com.br\/es\/servicios\/audio-libro\/","name":"audio libro - Beck Studios","isPartOf":{"@id":"https:\/\/beckstudios.com.br\/es\/#website"},"datePublished":"2022-09-02T14:51:03+00:00","dateModified":"2022-10-28T15:15:05+00:00","breadcrumb":{"@id":"https:\/\/beckstudios.com.br\/es\/servicios\/audio-libro\/#breadcrumb"},"inLanguage":"es","potentialAction":[{"@type":"ReadAction","target":[["https:\/\/beckstudios.com.br\/es\/servicios\/audio-libro\/"]]}]},{"@type":"BreadcrumbList","@id":"https:\/\/beckstudios.com.br\/es\/servicios\/audio-libro\/#breadcrumb","itemListElement":[{"@type":"ListItem","position":1,"name":"Beck Studios","item":"https:\/\/beckstudios.com.br\/es\/"},{"@type":"ListItem","position":2,"name":"Servicios","item":"https:\/\/beckstudios.com.br\/es\/servicios\/"},{"@type":"ListItem","position":3,"name":"audio libro"}]},{"@type":"WebSite","@id":"https:\/\/beckstudios.com.br\/es\/#website","url":"https:\/\/beckstudios.com.br\/es\/","name":"Beck Studios","description":"S\u00f3 mais um site WordPress","publisher":{"@id":"https:\/\/beckstudios.com.br\/es\/#organization"},"potentialAction":[{"@type":"SearchAction","target":{"@type":"EntryPoint","urlTemplate":"https:\/\/beckstudios.com.br\/es\/?s={search_term_string}"},"query-input":"required name=search_term_string"}],"inLanguage":"es"},{"@type":"Organization","@id":"https:\/\/beckstudios.com.br\/es\/#organization","name":"Beck Studios","url":"https:\/\/beckstudios.com.br\/es\/","sameAs":[],"logo":{"@type":"ImageObject","inLanguage":"es","@id":"https:\/\/beckstudios.com.br\/es\/#\/schema\/logo\/image\/","url":"https:\/\/beckstudios.com.br\/wp-content\/uploads\/2022\/08\/logo.png","contentUrl":"https:\/\/beckstudios.com.br\/wp-content\/uploads\/2022\/08\/logo.png","width":132,"height":72,"caption":"Beck Studios"},"image":{"@id":"https:\/\/beckstudios.com.br\/es\/#\/schema\/logo\/image\/"}}]}},"_links":{"self":[{"href":"https:\/\/beckstudios.com.br\/es\/wp-json\/wp\/v2\/pages\/48"}],"collection":[{"href":"https:\/\/beckstudios.com.br\/es\/wp-json\/wp\/v2\/pages"}],"about":[{"href":"https:\/\/beckstudios.com.br\/es\/wp-json\/wp\/v2\/types\/page"}],"author":[{"embeddable":true,"href":"https:\/\/beckstudios.com.br\/es\/wp-json\/wp\/v2\/users\/1"}],"replies":[{"embeddable":true,"href":"https:\/\/beckstudios.com.br\/es\/wp-json\/wp\/v2\/comments?post=48"}],"version-history":[{"count":2,"href":"https:\/\/beckstudios.com.br\/es\/wp-json\/wp\/v2\/pages\/48\/revisions"}],"predecessor-version":[{"id":1364,"href":"https:\/\/beckstudios.com.br\/es\/wp-json\/wp\/v2\/pages\/48\/revisions\/1364"}],"up":[{"embeddable":true,"href":"https:\/\/beckstudios.com.br\/es\/wp-json\/wp\/v2\/pages\/17"}],"wp:attachment":[{"href":"https:\/\/beckstudios.com.br\/es\/wp-json\/wp\/v2\/media?parent=48"}],"curies":[{"name":"wp","href":"https:\/\/api.w.org\/{rel}","templated":true}]}}