{"id":50,"date":"2022-09-02T11:51:40","date_gmt":"2022-09-02T14:51:40","guid":{"rendered":"http:\/\/dev.beckstudios.com.br\/?page_id=50"},"modified":"2022-10-31T17:05:06","modified_gmt":"2022-10-31T20:05:06","slug":"voz-original","status":"publish","type":"page","link":"https:\/\/beckstudios.com.br\/es\/servicios\/voz-original\/","title":{"rendered":"Voz original"},"content":{"rendered":"<p>El proceso de creaci\u00f3n de una animaci\u00f3n nacional (en su pa\u00eds de origen) es lo contrario al doblaje. Primero los actores y actrices graban los di\u00e1logos de los guiones y luego el equipo de animaci\u00f3n crea los dibujos.<\/p>","protected":false},"excerpt":{"rendered":"<p>El proceso de creaci\u00f3n de una animaci\u00f3n nacional (en su pa\u00eds de origen) es lo contrario al doblaje. Primero los actores y actrices graban los di\u00e1logos de los guiones y luego el equipo de animaci\u00f3n crea los dibujos.<\/p>\n","protected":false},"author":1,"featured_media":0,"parent":17,"menu_order":13,"comment_status":"closed","ping_status":"closed","template":"page-child.php","meta":[],"acf":[],"yoast_head":"<!-- This site is optimized with the Yoast SEO plugin v19.6.1 - https:\/\/yoast.com\/wordpress\/plugins\/seo\/ -->\n<title>Voz original - Beck Studios<\/title>\n<meta name=\"robots\" content=\"index, follow, max-snippet:-1, max-image-preview:large, max-video-preview:-1\" \/>\n<link rel=\"canonical\" href=\"https:\/\/beckstudios.com.br\/es\/servicios\/voz-original\/\" \/>\n<meta property=\"og:locale\" content=\"es_ES\" \/>\n<meta property=\"og:type\" content=\"article\" \/>\n<meta property=\"og:title\" content=\"Voz original - Beck Studios\" \/>\n<meta property=\"og:description\" content=\"El proceso de creaci\u00f3n de una animaci\u00f3n nacional (en su pa\u00eds de origen) es lo contrario al doblaje. Primero los actores y actrices graban los di\u00e1logos de los guiones y luego el equipo de animaci\u00f3n crea los dibujos.\" \/>\n<meta property=\"og:url\" content=\"https:\/\/beckstudios.com.br\/es\/servicios\/voz-original\/\" \/>\n<meta property=\"og:site_name\" content=\"Beck Studios\" \/>\n<meta property=\"article:modified_time\" content=\"2022-10-31T20:05:06+00:00\" \/>\n<meta name=\"twitter:card\" content=\"summary_large_image\" \/>\n<meta name=\"twitter:label1\" content=\"Tiempo de lectura\" \/>\n\t<meta name=\"twitter:data1\" content=\"1 minuto\" \/>\n<script type=\"application\/ld+json\" class=\"yoast-schema-graph\">{\"@context\":\"https:\/\/schema.org\",\"@graph\":[{\"@type\":\"WebPage\",\"@id\":\"https:\/\/beckstudios.com.br\/es\/servicios\/voz-original\/\",\"url\":\"https:\/\/beckstudios.com.br\/es\/servicios\/voz-original\/\",\"name\":\"Voz original - Beck Studios\",\"isPartOf\":{\"@id\":\"https:\/\/beckstudios.com.br\/es\/#website\"},\"datePublished\":\"2022-09-02T14:51:40+00:00\",\"dateModified\":\"2022-10-31T20:05:06+00:00\",\"breadcrumb\":{\"@id\":\"https:\/\/beckstudios.com.br\/es\/servicios\/voz-original\/#breadcrumb\"},\"inLanguage\":\"es\",\"potentialAction\":[{\"@type\":\"ReadAction\",\"target\":[[\"https:\/\/beckstudios.com.br\/es\/servicios\/voz-original\/\"]]}]},{\"@type\":\"BreadcrumbList\",\"@id\":\"https:\/\/beckstudios.com.br\/es\/servicios\/voz-original\/#breadcrumb\",\"itemListElement\":[{\"@type\":\"ListItem\",\"position\":1,\"name\":\"Beck Studios\",\"item\":\"https:\/\/beckstudios.com.br\/es\/\"},{\"@type\":\"ListItem\",\"position\":2,\"name\":\"Servicios\",\"item\":\"https:\/\/beckstudios.com.br\/es\/servicios\/\"},{\"@type\":\"ListItem\",\"position\":3,\"name\":\"Voz original\"}]},{\"@type\":\"WebSite\",\"@id\":\"https:\/\/beckstudios.com.br\/es\/#website\",\"url\":\"https:\/\/beckstudios.com.br\/es\/\",\"name\":\"Beck Studios\",\"description\":\"S\u00f3 mais um site WordPress\",\"publisher\":{\"@id\":\"https:\/\/beckstudios.com.br\/es\/#organization\"},\"potentialAction\":[{\"@type\":\"SearchAction\",\"target\":{\"@type\":\"EntryPoint\",\"urlTemplate\":\"https:\/\/beckstudios.com.br\/es\/?s={search_term_string}\"},\"query-input\":\"required name=search_term_string\"}],\"inLanguage\":\"es\"},{\"@type\":\"Organization\",\"@id\":\"https:\/\/beckstudios.com.br\/es\/#organization\",\"name\":\"Beck Studios\",\"url\":\"https:\/\/beckstudios.com.br\/es\/\",\"sameAs\":[],\"logo\":{\"@type\":\"ImageObject\",\"inLanguage\":\"es\",\"@id\":\"https:\/\/beckstudios.com.br\/es\/#\/schema\/logo\/image\/\",\"url\":\"https:\/\/beckstudios.com.br\/wp-content\/uploads\/2022\/08\/logo.png\",\"contentUrl\":\"https:\/\/beckstudios.com.br\/wp-content\/uploads\/2022\/08\/logo.png\",\"width\":132,\"height\":72,\"caption\":\"Beck Studios\"},\"image\":{\"@id\":\"https:\/\/beckstudios.com.br\/es\/#\/schema\/logo\/image\/\"}}]}<\/script>\n<!-- \/ Yoast SEO plugin. -->","yoast_head_json":{"title":"Voz original - Beck Studios","robots":{"index":"index","follow":"follow","max-snippet":"max-snippet:-1","max-image-preview":"max-image-preview:large","max-video-preview":"max-video-preview:-1"},"canonical":"https:\/\/beckstudios.com.br\/es\/servicios\/voz-original\/","og_locale":"es_ES","og_type":"article","og_title":"Voz original - Beck Studios","og_description":"El proceso de creaci\u00f3n de una animaci\u00f3n nacional (en su pa\u00eds de origen) es lo contrario al doblaje. Primero los actores y actrices graban los di\u00e1logos de los guiones y luego el equipo de animaci\u00f3n crea los dibujos.","og_url":"https:\/\/beckstudios.com.br\/es\/servicios\/voz-original\/","og_site_name":"Beck Studios","article_modified_time":"2022-10-31T20:05:06+00:00","twitter_card":"summary_large_image","twitter_misc":{"Tiempo de lectura":"1 minuto"},"schema":{"@context":"https:\/\/schema.org","@graph":[{"@type":"WebPage","@id":"https:\/\/beckstudios.com.br\/es\/servicios\/voz-original\/","url":"https:\/\/beckstudios.com.br\/es\/servicios\/voz-original\/","name":"Voz original - Beck Studios","isPartOf":{"@id":"https:\/\/beckstudios.com.br\/es\/#website"},"datePublished":"2022-09-02T14:51:40+00:00","dateModified":"2022-10-31T20:05:06+00:00","breadcrumb":{"@id":"https:\/\/beckstudios.com.br\/es\/servicios\/voz-original\/#breadcrumb"},"inLanguage":"es","potentialAction":[{"@type":"ReadAction","target":[["https:\/\/beckstudios.com.br\/es\/servicios\/voz-original\/"]]}]},{"@type":"BreadcrumbList","@id":"https:\/\/beckstudios.com.br\/es\/servicios\/voz-original\/#breadcrumb","itemListElement":[{"@type":"ListItem","position":1,"name":"Beck Studios","item":"https:\/\/beckstudios.com.br\/es\/"},{"@type":"ListItem","position":2,"name":"Servicios","item":"https:\/\/beckstudios.com.br\/es\/servicios\/"},{"@type":"ListItem","position":3,"name":"Voz original"}]},{"@type":"WebSite","@id":"https:\/\/beckstudios.com.br\/es\/#website","url":"https:\/\/beckstudios.com.br\/es\/","name":"Beck Studios","description":"S\u00f3 mais um site WordPress","publisher":{"@id":"https:\/\/beckstudios.com.br\/es\/#organization"},"potentialAction":[{"@type":"SearchAction","target":{"@type":"EntryPoint","urlTemplate":"https:\/\/beckstudios.com.br\/es\/?s={search_term_string}"},"query-input":"required name=search_term_string"}],"inLanguage":"es"},{"@type":"Organization","@id":"https:\/\/beckstudios.com.br\/es\/#organization","name":"Beck Studios","url":"https:\/\/beckstudios.com.br\/es\/","sameAs":[],"logo":{"@type":"ImageObject","inLanguage":"es","@id":"https:\/\/beckstudios.com.br\/es\/#\/schema\/logo\/image\/","url":"https:\/\/beckstudios.com.br\/wp-content\/uploads\/2022\/08\/logo.png","contentUrl":"https:\/\/beckstudios.com.br\/wp-content\/uploads\/2022\/08\/logo.png","width":132,"height":72,"caption":"Beck Studios"},"image":{"@id":"https:\/\/beckstudios.com.br\/es\/#\/schema\/logo\/image\/"}}]}},"_links":{"self":[{"href":"https:\/\/beckstudios.com.br\/es\/wp-json\/wp\/v2\/pages\/50"}],"collection":[{"href":"https:\/\/beckstudios.com.br\/es\/wp-json\/wp\/v2\/pages"}],"about":[{"href":"https:\/\/beckstudios.com.br\/es\/wp-json\/wp\/v2\/types\/page"}],"author":[{"embeddable":true,"href":"https:\/\/beckstudios.com.br\/es\/wp-json\/wp\/v2\/users\/1"}],"replies":[{"embeddable":true,"href":"https:\/\/beckstudios.com.br\/es\/wp-json\/wp\/v2\/comments?post=50"}],"version-history":[{"count":2,"href":"https:\/\/beckstudios.com.br\/es\/wp-json\/wp\/v2\/pages\/50\/revisions"}],"predecessor-version":[{"id":1398,"href":"https:\/\/beckstudios.com.br\/es\/wp-json\/wp\/v2\/pages\/50\/revisions\/1398"}],"up":[{"embeddable":true,"href":"https:\/\/beckstudios.com.br\/es\/wp-json\/wp\/v2\/pages\/17"}],"wp:attachment":[{"href":"https:\/\/beckstudios.com.br\/es\/wp-json\/wp\/v2\/media?parent=50"}],"curies":[{"name":"wp","href":"https:\/\/api.w.org\/{rel}","templated":true}]}}