{"id":54,"date":"2022-09-02T11:52:32","date_gmt":"2022-09-02T14:52:32","guid":{"rendered":"http:\/\/dev.beckstudios.com.br\/?page_id=54"},"modified":"2022-11-01T11:52:34","modified_gmt":"2022-11-01T14:52:34","slug":"adr","status":"publish","type":"page","link":"https:\/\/beckstudios.com.br\/es\/servicios\/adr\/","title":{"rendered":"ADR"},"content":{"rendered":"<p>La sigla en ingl\u00e9s ADR significa \u00abGrabaci\u00f3n Adicional de Di\u00e1logo\u00bb. Muchas veces, en una producci\u00f3n cinematogr\u00e1fica, los di\u00e1logos se captan mediante \u201csonido directo\u201d. Los actores realizan sus escenas en el ambiente de la pel\u00edcula y los textos son grabados en ese momento. Sin embargo, el resultado no siempre tiene la calidad esperada (ya sea por el ruido en el ambiente o por problemas con el equipo). Es muy com\u00fan que en la postproducci\u00f3n se detecten estas fallas y sea necesario volver a grabar en un estudio especializado. Los actores y actrices se \u201cdoblan\u201d a s\u00ed mismos, respetando la interpretaci\u00f3n y el lip sync originalmente realizados.<br clear=\"none\" \/><br clear=\"none\" \/>Beck Studios cuenta con toda la infraestructura necesaria para grabar ADRs de excelente calidad para la industria cinematogr\u00e1fica brasile\u00f1a.<\/p>","protected":false},"excerpt":{"rendered":"<p>La sigla en ingl\u00e9s ADR significa \u00abGrabaci\u00f3n Adicional de Di\u00e1logo\u00bb. Muchas veces, en una producci\u00f3n cinematogr\u00e1fica, los di\u00e1logos se captan mediante \u201csonido directo\u201d. Los actores realizan sus escenas en el ambiente de la pel\u00edcula y los textos son grabados en ese momento. Sin embargo, el resultado no siempre tiene la calidad esperada (ya sea por el ruido en el ambiente o por problemas con el equipo). Es muy com\u00fan que en la postproducci\u00f3n se detecten estas fallas y sea necesario&#8230;<\/p>\n","protected":false},"author":1,"featured_media":0,"parent":17,"menu_order":1,"comment_status":"closed","ping_status":"closed","template":"page-child.php","meta":[],"acf":[],"yoast_head":"<!-- This site is optimized with the Yoast SEO plugin v19.6.1 - https:\/\/yoast.com\/wordpress\/plugins\/seo\/ -->\n<title>ADR - Beck Studios<\/title>\n<meta name=\"robots\" content=\"index, follow, max-snippet:-1, max-image-preview:large, max-video-preview:-1\" \/>\n<link rel=\"canonical\" href=\"https:\/\/beckstudios.com.br\/es\/servicios\/adr\/\" \/>\n<meta property=\"og:locale\" content=\"es_ES\" \/>\n<meta property=\"og:type\" content=\"article\" \/>\n<meta property=\"og:title\" content=\"ADR - Beck Studios\" \/>\n<meta property=\"og:description\" content=\"La sigla en ingl\u00e9s ADR significa \u00abGrabaci\u00f3n Adicional de Di\u00e1logo\u00bb. Muchas veces, en una producci\u00f3n cinematogr\u00e1fica, los di\u00e1logos se captan mediante \u201csonido directo\u201d. Los actores realizan sus escenas en el ambiente de la pel\u00edcula y los textos son grabados en ese momento. Sin embargo, el resultado no siempre tiene la calidad esperada (ya sea por el ruido en el ambiente o por problemas con el equipo). Es muy com\u00fan que en la postproducci\u00f3n se detecten estas fallas y sea necesario...\" \/>\n<meta property=\"og:url\" content=\"https:\/\/beckstudios.com.br\/es\/servicios\/adr\/\" \/>\n<meta property=\"og:site_name\" content=\"Beck Studios\" \/>\n<meta property=\"article:modified_time\" content=\"2022-11-01T14:52:34+00:00\" \/>\n<meta name=\"twitter:card\" content=\"summary_large_image\" \/>\n<meta name=\"twitter:label1\" content=\"Tiempo de lectura\" \/>\n\t<meta name=\"twitter:data1\" content=\"1 minuto\" \/>\n<script type=\"application\/ld+json\" class=\"yoast-schema-graph\">{\"@context\":\"https:\/\/schema.org\",\"@graph\":[{\"@type\":\"WebPage\",\"@id\":\"https:\/\/beckstudios.com.br\/es\/servicios\/adr\/\",\"url\":\"https:\/\/beckstudios.com.br\/es\/servicios\/adr\/\",\"name\":\"ADR - Beck Studios\",\"isPartOf\":{\"@id\":\"https:\/\/beckstudios.com.br\/es\/#website\"},\"datePublished\":\"2022-09-02T14:52:32+00:00\",\"dateModified\":\"2022-11-01T14:52:34+00:00\",\"breadcrumb\":{\"@id\":\"https:\/\/beckstudios.com.br\/es\/servicios\/adr\/#breadcrumb\"},\"inLanguage\":\"es\",\"potentialAction\":[{\"@type\":\"ReadAction\",\"target\":[[\"https:\/\/beckstudios.com.br\/es\/servicios\/adr\/\"]]}]},{\"@type\":\"BreadcrumbList\",\"@id\":\"https:\/\/beckstudios.com.br\/es\/servicios\/adr\/#breadcrumb\",\"itemListElement\":[{\"@type\":\"ListItem\",\"position\":1,\"name\":\"Beck Studios\",\"item\":\"https:\/\/beckstudios.com.br\/es\/\"},{\"@type\":\"ListItem\",\"position\":2,\"name\":\"Servicios\",\"item\":\"https:\/\/beckstudios.com.br\/es\/servicios\/\"},{\"@type\":\"ListItem\",\"position\":3,\"name\":\"ADR\"}]},{\"@type\":\"WebSite\",\"@id\":\"https:\/\/beckstudios.com.br\/es\/#website\",\"url\":\"https:\/\/beckstudios.com.br\/es\/\",\"name\":\"Beck Studios\",\"description\":\"S\u00f3 mais um site WordPress\",\"publisher\":{\"@id\":\"https:\/\/beckstudios.com.br\/es\/#organization\"},\"potentialAction\":[{\"@type\":\"SearchAction\",\"target\":{\"@type\":\"EntryPoint\",\"urlTemplate\":\"https:\/\/beckstudios.com.br\/es\/?s={search_term_string}\"},\"query-input\":\"required name=search_term_string\"}],\"inLanguage\":\"es\"},{\"@type\":\"Organization\",\"@id\":\"https:\/\/beckstudios.com.br\/es\/#organization\",\"name\":\"Beck Studios\",\"url\":\"https:\/\/beckstudios.com.br\/es\/\",\"sameAs\":[],\"logo\":{\"@type\":\"ImageObject\",\"inLanguage\":\"es\",\"@id\":\"https:\/\/beckstudios.com.br\/es\/#\/schema\/logo\/image\/\",\"url\":\"https:\/\/beckstudios.com.br\/wp-content\/uploads\/2022\/08\/logo.png\",\"contentUrl\":\"https:\/\/beckstudios.com.br\/wp-content\/uploads\/2022\/08\/logo.png\",\"width\":132,\"height\":72,\"caption\":\"Beck Studios\"},\"image\":{\"@id\":\"https:\/\/beckstudios.com.br\/es\/#\/schema\/logo\/image\/\"}}]}<\/script>\n<!-- \/ Yoast SEO plugin. -->","yoast_head_json":{"title":"ADR - Beck Studios","robots":{"index":"index","follow":"follow","max-snippet":"max-snippet:-1","max-image-preview":"max-image-preview:large","max-video-preview":"max-video-preview:-1"},"canonical":"https:\/\/beckstudios.com.br\/es\/servicios\/adr\/","og_locale":"es_ES","og_type":"article","og_title":"ADR - Beck Studios","og_description":"La sigla en ingl\u00e9s ADR significa \u00abGrabaci\u00f3n Adicional de Di\u00e1logo\u00bb. Muchas veces, en una producci\u00f3n cinematogr\u00e1fica, los di\u00e1logos se captan mediante \u201csonido directo\u201d. Los actores realizan sus escenas en el ambiente de la pel\u00edcula y los textos son grabados en ese momento. Sin embargo, el resultado no siempre tiene la calidad esperada (ya sea por el ruido en el ambiente o por problemas con el equipo). Es muy com\u00fan que en la postproducci\u00f3n se detecten estas fallas y sea necesario...","og_url":"https:\/\/beckstudios.com.br\/es\/servicios\/adr\/","og_site_name":"Beck Studios","article_modified_time":"2022-11-01T14:52:34+00:00","twitter_card":"summary_large_image","twitter_misc":{"Tiempo de lectura":"1 minuto"},"schema":{"@context":"https:\/\/schema.org","@graph":[{"@type":"WebPage","@id":"https:\/\/beckstudios.com.br\/es\/servicios\/adr\/","url":"https:\/\/beckstudios.com.br\/es\/servicios\/adr\/","name":"ADR - Beck Studios","isPartOf":{"@id":"https:\/\/beckstudios.com.br\/es\/#website"},"datePublished":"2022-09-02T14:52:32+00:00","dateModified":"2022-11-01T14:52:34+00:00","breadcrumb":{"@id":"https:\/\/beckstudios.com.br\/es\/servicios\/adr\/#breadcrumb"},"inLanguage":"es","potentialAction":[{"@type":"ReadAction","target":[["https:\/\/beckstudios.com.br\/es\/servicios\/adr\/"]]}]},{"@type":"BreadcrumbList","@id":"https:\/\/beckstudios.com.br\/es\/servicios\/adr\/#breadcrumb","itemListElement":[{"@type":"ListItem","position":1,"name":"Beck Studios","item":"https:\/\/beckstudios.com.br\/es\/"},{"@type":"ListItem","position":2,"name":"Servicios","item":"https:\/\/beckstudios.com.br\/es\/servicios\/"},{"@type":"ListItem","position":3,"name":"ADR"}]},{"@type":"WebSite","@id":"https:\/\/beckstudios.com.br\/es\/#website","url":"https:\/\/beckstudios.com.br\/es\/","name":"Beck Studios","description":"S\u00f3 mais um site WordPress","publisher":{"@id":"https:\/\/beckstudios.com.br\/es\/#organization"},"potentialAction":[{"@type":"SearchAction","target":{"@type":"EntryPoint","urlTemplate":"https:\/\/beckstudios.com.br\/es\/?s={search_term_string}"},"query-input":"required name=search_term_string"}],"inLanguage":"es"},{"@type":"Organization","@id":"https:\/\/beckstudios.com.br\/es\/#organization","name":"Beck Studios","url":"https:\/\/beckstudios.com.br\/es\/","sameAs":[],"logo":{"@type":"ImageObject","inLanguage":"es","@id":"https:\/\/beckstudios.com.br\/es\/#\/schema\/logo\/image\/","url":"https:\/\/beckstudios.com.br\/wp-content\/uploads\/2022\/08\/logo.png","contentUrl":"https:\/\/beckstudios.com.br\/wp-content\/uploads\/2022\/08\/logo.png","width":132,"height":72,"caption":"Beck Studios"},"image":{"@id":"https:\/\/beckstudios.com.br\/es\/#\/schema\/logo\/image\/"}}]}},"_links":{"self":[{"href":"https:\/\/beckstudios.com.br\/es\/wp-json\/wp\/v2\/pages\/54"}],"collection":[{"href":"https:\/\/beckstudios.com.br\/es\/wp-json\/wp\/v2\/pages"}],"about":[{"href":"https:\/\/beckstudios.com.br\/es\/wp-json\/wp\/v2\/types\/page"}],"author":[{"embeddable":true,"href":"https:\/\/beckstudios.com.br\/es\/wp-json\/wp\/v2\/users\/1"}],"replies":[{"embeddable":true,"href":"https:\/\/beckstudios.com.br\/es\/wp-json\/wp\/v2\/comments?post=54"}],"version-history":[{"count":2,"href":"https:\/\/beckstudios.com.br\/es\/wp-json\/wp\/v2\/pages\/54\/revisions"}],"predecessor-version":[{"id":1399,"href":"https:\/\/beckstudios.com.br\/es\/wp-json\/wp\/v2\/pages\/54\/revisions\/1399"}],"up":[{"embeddable":true,"href":"https:\/\/beckstudios.com.br\/es\/wp-json\/wp\/v2\/pages\/17"}],"wp:attachment":[{"href":"https:\/\/beckstudios.com.br\/es\/wp-json\/wp\/v2\/media?parent=54"}],"curies":[{"name":"wp","href":"https:\/\/api.w.org\/{rel}","templated":true}]}}