{"id":15,"date":"2022-08-26T16:15:31","date_gmt":"2022-08-26T19:15:31","guid":{"rendered":"http:\/\/dev.beckstudios.com.br\/?page_id=15"},"modified":"2024-06-21T16:10:57","modified_gmt":"2024-06-21T19:10:57","slug":"quem-somos","status":"publish","type":"page","link":"https:\/\/beckstudios.com.br\/fr\/qui-nous-sommes\/","title":{"rendered":"Qui nous sommes"},"content":{"rendered":"<p>Beck Studios est une soci\u00e9t\u00e9 consolid\u00e9e sur le march\u00e9 du doublage, de la voix originale, de l\u2019audiodescription et du livre audio. Il dispose de trois salles d\u2019enregistrement et d\u2019une salle de mixage et est situ\u00e9 dans le quartier de Cosme Velho, zone sud de Rio de Janeiro.<\/p>\n<p>En 2020, en raison de la pand\u00e9mie, le doublage \u00e0 distance a \u00e9galement \u00e9t\u00e9 mis en \u0153uvre. Plus de 400 professionnels ont re\u00e7u des conseils pour l\u2019assemblage de leurs home studios, et apr\u00e8s notre mixage minutieux, le r\u00e9sultat est identique \u00e0 celui qu\u2019on obtient dans nos salles d\u2019enregistrement.<\/p>\n<p>&nbsp;<\/p>\n<p>Nous privil\u00e9gions le service client imm\u00e9diat et la qualit\u00e9 artistique et technique de nos produits audiovisuels. En 2016, 2018 et 2020, nous avons eu la joie de recevoir le prix <em>Partners in Excellence<\/em> promu par Grupo Globo, l\u2019un de nos principaux clients.<\/p>\n<p>&nbsp;<\/p>\n<p>Nos partenaires ont une vaste exp\u00e9rience dans le secteur :<\/p>\n<p><strong>Ma\u00edra G\u00f3es<\/strong> est com\u00e9dienne de doublage depuis 25 ans et directrice de doublage depuis 15 ans. Son travail comprend les voix br\u00e9siliennes de Dory dans Le Monde de Nemo et Le Monde de Dory, Keira Knightley et Mila Kunis dans plusieurs films et des centaines d\u2019autres actrices dans d\u2019autres productions exceptionnelles.<\/p>\n<p><strong>\u00a0Sergio Beck<\/strong> est ing\u00e9nieur de son form\u00e9 \u00e0 Londres (SAE). Il travaille depuis 1994 avec plusieurs musiciens et pour l\u2019industrie du cin\u00e9ma.<\/p>\n<p>&nbsp;<\/p>\n<p>Les directeurs artistiques de doublage qui font partie de notre \u00e9quipe sont des professionnels renomm\u00e9s, et nous avons acc\u00e8s aux meilleurs com\u00e9diens de doublage \u00e0 Rio de Janeiro et S\u00e3o Paulo.\u00a0Apr\u00e8s un r\u00e9cent renouvellement, Beck Studios entame une nouvelle phase de nouveaux partenariats et de nombreux fruits r\u00e9colt\u00e9s apr\u00e8s une trajectoire de travail d\u00e9di\u00e9 et de plusieurs r\u00e9alisations.<\/p>","protected":false},"excerpt":{"rendered":"<p>Beck Studios est une soci\u00e9t\u00e9 consolid\u00e9e sur le march\u00e9 du doublage, de la voix originale, de l\u2019audiodescription et du livre audio. Il dispose de trois salles d\u2019enregistrement et d\u2019une salle de mixage et est situ\u00e9 dans le quartier de Cosme Velho, zone sud de Rio de Janeiro. En 2020, en raison de la pand\u00e9mie, le doublage \u00e0 distance a \u00e9galement \u00e9t\u00e9 mis en \u0153uvre. Plus de 400 professionnels ont re\u00e7u des conseils pour l\u2019assemblage de leurs home studios, et apr\u00e8s&#8230;<\/p>\n","protected":false},"author":1,"featured_media":0,"parent":0,"menu_order":11,"comment_status":"closed","ping_status":"closed","template":"","meta":[],"acf":[],"yoast_head":"<!-- This site is optimized with the Yoast SEO plugin v19.6.1 - https:\/\/yoast.com\/wordpress\/plugins\/seo\/ -->\n<title>Qui nous sommes - Beck Studios<\/title>\n<meta name=\"robots\" content=\"index, follow, max-snippet:-1, max-image-preview:large, max-video-preview:-1\" \/>\n<link rel=\"canonical\" href=\"https:\/\/beckstudios.com.br\/fr\/qui-nous-sommes\/\" \/>\n<meta property=\"og:locale\" content=\"fr_FR\" \/>\n<meta property=\"og:type\" content=\"article\" \/>\n<meta property=\"og:title\" content=\"Qui nous sommes - Beck Studios\" \/>\n<meta property=\"og:description\" content=\"Beck Studios est une soci\u00e9t\u00e9 consolid\u00e9e sur le march\u00e9 du doublage, de la voix originale, de l\u2019audiodescription et du livre audio. Il dispose de trois salles d\u2019enregistrement et d\u2019une salle de mixage et est situ\u00e9 dans le quartier de Cosme Velho, zone sud de Rio de Janeiro. En 2020, en raison de la pand\u00e9mie, le doublage \u00e0 distance a \u00e9galement \u00e9t\u00e9 mis en \u0153uvre. Plus de 400 professionnels ont re\u00e7u des conseils pour l\u2019assemblage de leurs home studios, et apr\u00e8s...\" \/>\n<meta property=\"og:url\" content=\"https:\/\/beckstudios.com.br\/fr\/qui-nous-sommes\/\" \/>\n<meta property=\"og:site_name\" content=\"Beck Studios\" \/>\n<meta property=\"article:modified_time\" content=\"2024-06-21T19:10:57+00:00\" \/>\n<meta name=\"twitter:card\" content=\"summary_large_image\" \/>\n<meta name=\"twitter:label1\" content=\"Dur\u00e9e de lecture estim\u00e9e\" \/>\n\t<meta name=\"twitter:data1\" content=\"2 minutes\" \/>\n<script type=\"application\/ld+json\" class=\"yoast-schema-graph\">{\"@context\":\"https:\/\/schema.org\",\"@graph\":[{\"@type\":\"WebPage\",\"@id\":\"https:\/\/beckstudios.com.br\/fr\/qui-nous-sommes\/\",\"url\":\"https:\/\/beckstudios.com.br\/fr\/qui-nous-sommes\/\",\"name\":\"Qui nous sommes - Beck Studios\",\"isPartOf\":{\"@id\":\"https:\/\/beckstudios.com.br\/fr\/#website\"},\"datePublished\":\"2022-08-26T19:15:31+00:00\",\"dateModified\":\"2024-06-21T19:10:57+00:00\",\"breadcrumb\":{\"@id\":\"https:\/\/beckstudios.com.br\/fr\/qui-nous-sommes\/#breadcrumb\"},\"inLanguage\":\"fr-FR\",\"potentialAction\":[{\"@type\":\"ReadAction\",\"target\":[[\"https:\/\/beckstudios.com.br\/fr\/qui-nous-sommes\/\"]]}]},{\"@type\":\"BreadcrumbList\",\"@id\":\"https:\/\/beckstudios.com.br\/fr\/qui-nous-sommes\/#breadcrumb\",\"itemListElement\":[{\"@type\":\"ListItem\",\"position\":1,\"name\":\"Beck Studios\",\"item\":\"https:\/\/beckstudios.com.br\/fr\/\"},{\"@type\":\"ListItem\",\"position\":2,\"name\":\"Qui nous sommes\"}]},{\"@type\":\"WebSite\",\"@id\":\"https:\/\/beckstudios.com.br\/fr\/#website\",\"url\":\"https:\/\/beckstudios.com.br\/fr\/\",\"name\":\"Beck Studios\",\"description\":\"S\u00f3 mais um site WordPress\",\"publisher\":{\"@id\":\"https:\/\/beckstudios.com.br\/fr\/#organization\"},\"potentialAction\":[{\"@type\":\"SearchAction\",\"target\":{\"@type\":\"EntryPoint\",\"urlTemplate\":\"https:\/\/beckstudios.com.br\/fr\/?s={search_term_string}\"},\"query-input\":\"required name=search_term_string\"}],\"inLanguage\":\"fr-FR\"},{\"@type\":\"Organization\",\"@id\":\"https:\/\/beckstudios.com.br\/fr\/#organization\",\"name\":\"Beck Studios\",\"url\":\"https:\/\/beckstudios.com.br\/fr\/\",\"sameAs\":[],\"logo\":{\"@type\":\"ImageObject\",\"inLanguage\":\"fr-FR\",\"@id\":\"https:\/\/beckstudios.com.br\/fr\/#\/schema\/logo\/image\/\",\"url\":\"https:\/\/beckstudios.com.br\/wp-content\/uploads\/2022\/08\/logo.png\",\"contentUrl\":\"https:\/\/beckstudios.com.br\/wp-content\/uploads\/2022\/08\/logo.png\",\"width\":132,\"height\":72,\"caption\":\"Beck Studios\"},\"image\":{\"@id\":\"https:\/\/beckstudios.com.br\/fr\/#\/schema\/logo\/image\/\"}}]}<\/script>\n<!-- \/ Yoast SEO plugin. -->","yoast_head_json":{"title":"Qui nous sommes - Beck Studios","robots":{"index":"index","follow":"follow","max-snippet":"max-snippet:-1","max-image-preview":"max-image-preview:large","max-video-preview":"max-video-preview:-1"},"canonical":"https:\/\/beckstudios.com.br\/fr\/qui-nous-sommes\/","og_locale":"fr_FR","og_type":"article","og_title":"Qui nous sommes - Beck Studios","og_description":"Beck Studios est une soci\u00e9t\u00e9 consolid\u00e9e sur le march\u00e9 du doublage, de la voix originale, de l\u2019audiodescription et du livre audio. Il dispose de trois salles d\u2019enregistrement et d\u2019une salle de mixage et est situ\u00e9 dans le quartier de Cosme Velho, zone sud de Rio de Janeiro. En 2020, en raison de la pand\u00e9mie, le doublage \u00e0 distance a \u00e9galement \u00e9t\u00e9 mis en \u0153uvre. Plus de 400 professionnels ont re\u00e7u des conseils pour l\u2019assemblage de leurs home studios, et apr\u00e8s...","og_url":"https:\/\/beckstudios.com.br\/fr\/qui-nous-sommes\/","og_site_name":"Beck Studios","article_modified_time":"2024-06-21T19:10:57+00:00","twitter_card":"summary_large_image","twitter_misc":{"Dur\u00e9e de lecture estim\u00e9e":"2 minutes"},"schema":{"@context":"https:\/\/schema.org","@graph":[{"@type":"WebPage","@id":"https:\/\/beckstudios.com.br\/fr\/qui-nous-sommes\/","url":"https:\/\/beckstudios.com.br\/fr\/qui-nous-sommes\/","name":"Qui nous sommes - Beck Studios","isPartOf":{"@id":"https:\/\/beckstudios.com.br\/fr\/#website"},"datePublished":"2022-08-26T19:15:31+00:00","dateModified":"2024-06-21T19:10:57+00:00","breadcrumb":{"@id":"https:\/\/beckstudios.com.br\/fr\/qui-nous-sommes\/#breadcrumb"},"inLanguage":"fr-FR","potentialAction":[{"@type":"ReadAction","target":[["https:\/\/beckstudios.com.br\/fr\/qui-nous-sommes\/"]]}]},{"@type":"BreadcrumbList","@id":"https:\/\/beckstudios.com.br\/fr\/qui-nous-sommes\/#breadcrumb","itemListElement":[{"@type":"ListItem","position":1,"name":"Beck Studios","item":"https:\/\/beckstudios.com.br\/fr\/"},{"@type":"ListItem","position":2,"name":"Qui nous sommes"}]},{"@type":"WebSite","@id":"https:\/\/beckstudios.com.br\/fr\/#website","url":"https:\/\/beckstudios.com.br\/fr\/","name":"Beck Studios","description":"S\u00f3 mais um site WordPress","publisher":{"@id":"https:\/\/beckstudios.com.br\/fr\/#organization"},"potentialAction":[{"@type":"SearchAction","target":{"@type":"EntryPoint","urlTemplate":"https:\/\/beckstudios.com.br\/fr\/?s={search_term_string}"},"query-input":"required name=search_term_string"}],"inLanguage":"fr-FR"},{"@type":"Organization","@id":"https:\/\/beckstudios.com.br\/fr\/#organization","name":"Beck Studios","url":"https:\/\/beckstudios.com.br\/fr\/","sameAs":[],"logo":{"@type":"ImageObject","inLanguage":"fr-FR","@id":"https:\/\/beckstudios.com.br\/fr\/#\/schema\/logo\/image\/","url":"https:\/\/beckstudios.com.br\/wp-content\/uploads\/2022\/08\/logo.png","contentUrl":"https:\/\/beckstudios.com.br\/wp-content\/uploads\/2022\/08\/logo.png","width":132,"height":72,"caption":"Beck Studios"},"image":{"@id":"https:\/\/beckstudios.com.br\/fr\/#\/schema\/logo\/image\/"}}]}},"_links":{"self":[{"href":"https:\/\/beckstudios.com.br\/fr\/wp-json\/wp\/v2\/pages\/15"}],"collection":[{"href":"https:\/\/beckstudios.com.br\/fr\/wp-json\/wp\/v2\/pages"}],"about":[{"href":"https:\/\/beckstudios.com.br\/fr\/wp-json\/wp\/v2\/types\/page"}],"author":[{"embeddable":true,"href":"https:\/\/beckstudios.com.br\/fr\/wp-json\/wp\/v2\/users\/1"}],"replies":[{"embeddable":true,"href":"https:\/\/beckstudios.com.br\/fr\/wp-json\/wp\/v2\/comments?post=15"}],"version-history":[{"count":2,"href":"https:\/\/beckstudios.com.br\/fr\/wp-json\/wp\/v2\/pages\/15\/revisions"}],"predecessor-version":[{"id":1518,"href":"https:\/\/beckstudios.com.br\/fr\/wp-json\/wp\/v2\/pages\/15\/revisions\/1518"}],"wp:attachment":[{"href":"https:\/\/beckstudios.com.br\/fr\/wp-json\/wp\/v2\/media?parent=15"}],"curies":[{"name":"wp","href":"https:\/\/api.w.org\/{rel}","templated":true}]}}