{"id":30,"date":"2022-09-01T17:32:26","date_gmt":"2022-09-01T20:32:26","guid":{"rendered":"http:\/\/dev.beckstudios.com.br\/?page_id=30"},"modified":"2022-10-27T19:13:36","modified_gmt":"2022-10-27T22:13:36","slug":"dublagem","status":"publish","type":"page","link":"https:\/\/beckstudios.com.br\/fr\/prestations-de-service\/doublage\/","title":{"rendered":"Doublage"},"content":{"rendered":"<p>Depuis 2011, Beck Studios propose des services de localisation de haute qualit\u00e9, privil\u00e9giant la qualit\u00e9 artistique et technique comme r\u00e9ponse imm\u00e9diate au client. Nous avons re\u00e7u trois fois le prix Parceiros em Excel\u00eancia pour le doublage (2016, 2018 et 2020) du Grupo Globo, l&rsquo;un des plus grands groupes de m\u00e9dias au monde et l&rsquo;un de nos plus gros clients.<br \/>\nNos directeurs de doublage sont parmi les meilleurs du secteur et nous avons acc\u00e8s \u00e0 tous les com\u00e9diens les plus acclam\u00e9s de Rio de Janeiro et de S\u00e3o Paulo.<\/p>","protected":false},"excerpt":{"rendered":"<p>Depuis 2011, Beck Studios propose des services de localisation de haute qualit\u00e9, privil\u00e9giant la qualit\u00e9 artistique et technique comme r\u00e9ponse imm\u00e9diate au client. Nous avons re\u00e7u trois fois le prix Parceiros em Excel\u00eancia pour le doublage (2016, 2018 et 2020) du Grupo Globo, l&rsquo;un des plus grands groupes de m\u00e9dias au monde et l&rsquo;un de nos plus gros clients. Nos directeurs de doublage sont parmi les meilleurs du secteur et nous avons acc\u00e8s \u00e0 tous les com\u00e9diens les plus acclam\u00e9s&#8230;<\/p>\n","protected":false},"author":1,"featured_media":0,"parent":17,"menu_order":6,"comment_status":"closed","ping_status":"closed","template":"page-child.php","meta":[],"acf":[],"yoast_head":"<!-- This site is optimized with the Yoast SEO plugin v19.6.1 - https:\/\/yoast.com\/wordpress\/plugins\/seo\/ -->\n<title>Doublage - Beck Studios<\/title>\n<meta name=\"robots\" content=\"index, follow, max-snippet:-1, max-image-preview:large, max-video-preview:-1\" \/>\n<link rel=\"canonical\" href=\"https:\/\/beckstudios.com.br\/fr\/prestations-de-service\/doublage\/\" \/>\n<meta property=\"og:locale\" content=\"fr_FR\" \/>\n<meta property=\"og:type\" content=\"article\" \/>\n<meta property=\"og:title\" content=\"Doublage - Beck Studios\" \/>\n<meta property=\"og:description\" content=\"Depuis 2011, Beck Studios propose des services de localisation de haute qualit\u00e9, privil\u00e9giant la qualit\u00e9 artistique et technique comme r\u00e9ponse imm\u00e9diate au client. Nous avons re\u00e7u trois fois le prix Parceiros em Excel\u00eancia pour le doublage (2016, 2018 et 2020) du Grupo Globo, l&rsquo;un des plus grands groupes de m\u00e9dias au monde et l&rsquo;un de nos plus gros clients. Nos directeurs de doublage sont parmi les meilleurs du secteur et nous avons acc\u00e8s \u00e0 tous les com\u00e9diens les plus acclam\u00e9s...\" \/>\n<meta property=\"og:url\" content=\"https:\/\/beckstudios.com.br\/fr\/prestations-de-service\/doublage\/\" \/>\n<meta property=\"og:site_name\" content=\"Beck Studios\" \/>\n<meta property=\"article:modified_time\" content=\"2022-10-27T22:13:36+00:00\" \/>\n<meta name=\"twitter:card\" content=\"summary_large_image\" \/>\n<meta name=\"twitter:label1\" content=\"Dur\u00e9e de lecture estim\u00e9e\" \/>\n\t<meta name=\"twitter:data1\" content=\"1 minute\" \/>\n<script type=\"application\/ld+json\" class=\"yoast-schema-graph\">{\"@context\":\"https:\/\/schema.org\",\"@graph\":[{\"@type\":\"WebPage\",\"@id\":\"https:\/\/beckstudios.com.br\/fr\/prestations-de-service\/doublage\/\",\"url\":\"https:\/\/beckstudios.com.br\/fr\/prestations-de-service\/doublage\/\",\"name\":\"Doublage - Beck Studios\",\"isPartOf\":{\"@id\":\"https:\/\/beckstudios.com.br\/fr\/#website\"},\"datePublished\":\"2022-09-01T20:32:26+00:00\",\"dateModified\":\"2022-10-27T22:13:36+00:00\",\"breadcrumb\":{\"@id\":\"https:\/\/beckstudios.com.br\/fr\/prestations-de-service\/doublage\/#breadcrumb\"},\"inLanguage\":\"fr-FR\",\"potentialAction\":[{\"@type\":\"ReadAction\",\"target\":[[\"https:\/\/beckstudios.com.br\/fr\/prestations-de-service\/doublage\/\"]]}]},{\"@type\":\"BreadcrumbList\",\"@id\":\"https:\/\/beckstudios.com.br\/fr\/prestations-de-service\/doublage\/#breadcrumb\",\"itemListElement\":[{\"@type\":\"ListItem\",\"position\":1,\"name\":\"Beck Studios\",\"item\":\"https:\/\/beckstudios.com.br\/fr\/\"},{\"@type\":\"ListItem\",\"position\":2,\"name\":\"Prestations de service\",\"item\":\"https:\/\/beckstudios.com.br\/fr\/prestations-de-service\/\"},{\"@type\":\"ListItem\",\"position\":3,\"name\":\"Doublage\"}]},{\"@type\":\"WebSite\",\"@id\":\"https:\/\/beckstudios.com.br\/fr\/#website\",\"url\":\"https:\/\/beckstudios.com.br\/fr\/\",\"name\":\"Beck Studios\",\"description\":\"S\u00f3 mais um site WordPress\",\"publisher\":{\"@id\":\"https:\/\/beckstudios.com.br\/fr\/#organization\"},\"potentialAction\":[{\"@type\":\"SearchAction\",\"target\":{\"@type\":\"EntryPoint\",\"urlTemplate\":\"https:\/\/beckstudios.com.br\/fr\/?s={search_term_string}\"},\"query-input\":\"required name=search_term_string\"}],\"inLanguage\":\"fr-FR\"},{\"@type\":\"Organization\",\"@id\":\"https:\/\/beckstudios.com.br\/fr\/#organization\",\"name\":\"Beck Studios\",\"url\":\"https:\/\/beckstudios.com.br\/fr\/\",\"sameAs\":[],\"logo\":{\"@type\":\"ImageObject\",\"inLanguage\":\"fr-FR\",\"@id\":\"https:\/\/beckstudios.com.br\/fr\/#\/schema\/logo\/image\/\",\"url\":\"https:\/\/beckstudios.com.br\/wp-content\/uploads\/2022\/08\/logo.png\",\"contentUrl\":\"https:\/\/beckstudios.com.br\/wp-content\/uploads\/2022\/08\/logo.png\",\"width\":132,\"height\":72,\"caption\":\"Beck Studios\"},\"image\":{\"@id\":\"https:\/\/beckstudios.com.br\/fr\/#\/schema\/logo\/image\/\"}}]}<\/script>\n<!-- \/ Yoast SEO plugin. -->","yoast_head_json":{"title":"Doublage - Beck Studios","robots":{"index":"index","follow":"follow","max-snippet":"max-snippet:-1","max-image-preview":"max-image-preview:large","max-video-preview":"max-video-preview:-1"},"canonical":"https:\/\/beckstudios.com.br\/fr\/prestations-de-service\/doublage\/","og_locale":"fr_FR","og_type":"article","og_title":"Doublage - Beck Studios","og_description":"Depuis 2011, Beck Studios propose des services de localisation de haute qualit\u00e9, privil\u00e9giant la qualit\u00e9 artistique et technique comme r\u00e9ponse imm\u00e9diate au client. Nous avons re\u00e7u trois fois le prix Parceiros em Excel\u00eancia pour le doublage (2016, 2018 et 2020) du Grupo Globo, l&rsquo;un des plus grands groupes de m\u00e9dias au monde et l&rsquo;un de nos plus gros clients. Nos directeurs de doublage sont parmi les meilleurs du secteur et nous avons acc\u00e8s \u00e0 tous les com\u00e9diens les plus acclam\u00e9s...","og_url":"https:\/\/beckstudios.com.br\/fr\/prestations-de-service\/doublage\/","og_site_name":"Beck Studios","article_modified_time":"2022-10-27T22:13:36+00:00","twitter_card":"summary_large_image","twitter_misc":{"Dur\u00e9e de lecture estim\u00e9e":"1 minute"},"schema":{"@context":"https:\/\/schema.org","@graph":[{"@type":"WebPage","@id":"https:\/\/beckstudios.com.br\/fr\/prestations-de-service\/doublage\/","url":"https:\/\/beckstudios.com.br\/fr\/prestations-de-service\/doublage\/","name":"Doublage - Beck Studios","isPartOf":{"@id":"https:\/\/beckstudios.com.br\/fr\/#website"},"datePublished":"2022-09-01T20:32:26+00:00","dateModified":"2022-10-27T22:13:36+00:00","breadcrumb":{"@id":"https:\/\/beckstudios.com.br\/fr\/prestations-de-service\/doublage\/#breadcrumb"},"inLanguage":"fr-FR","potentialAction":[{"@type":"ReadAction","target":[["https:\/\/beckstudios.com.br\/fr\/prestations-de-service\/doublage\/"]]}]},{"@type":"BreadcrumbList","@id":"https:\/\/beckstudios.com.br\/fr\/prestations-de-service\/doublage\/#breadcrumb","itemListElement":[{"@type":"ListItem","position":1,"name":"Beck Studios","item":"https:\/\/beckstudios.com.br\/fr\/"},{"@type":"ListItem","position":2,"name":"Prestations de service","item":"https:\/\/beckstudios.com.br\/fr\/prestations-de-service\/"},{"@type":"ListItem","position":3,"name":"Doublage"}]},{"@type":"WebSite","@id":"https:\/\/beckstudios.com.br\/fr\/#website","url":"https:\/\/beckstudios.com.br\/fr\/","name":"Beck Studios","description":"S\u00f3 mais um site WordPress","publisher":{"@id":"https:\/\/beckstudios.com.br\/fr\/#organization"},"potentialAction":[{"@type":"SearchAction","target":{"@type":"EntryPoint","urlTemplate":"https:\/\/beckstudios.com.br\/fr\/?s={search_term_string}"},"query-input":"required name=search_term_string"}],"inLanguage":"fr-FR"},{"@type":"Organization","@id":"https:\/\/beckstudios.com.br\/fr\/#organization","name":"Beck Studios","url":"https:\/\/beckstudios.com.br\/fr\/","sameAs":[],"logo":{"@type":"ImageObject","inLanguage":"fr-FR","@id":"https:\/\/beckstudios.com.br\/fr\/#\/schema\/logo\/image\/","url":"https:\/\/beckstudios.com.br\/wp-content\/uploads\/2022\/08\/logo.png","contentUrl":"https:\/\/beckstudios.com.br\/wp-content\/uploads\/2022\/08\/logo.png","width":132,"height":72,"caption":"Beck Studios"},"image":{"@id":"https:\/\/beckstudios.com.br\/fr\/#\/schema\/logo\/image\/"}}]}},"_links":{"self":[{"href":"https:\/\/beckstudios.com.br\/fr\/wp-json\/wp\/v2\/pages\/30"}],"collection":[{"href":"https:\/\/beckstudios.com.br\/fr\/wp-json\/wp\/v2\/pages"}],"about":[{"href":"https:\/\/beckstudios.com.br\/fr\/wp-json\/wp\/v2\/types\/page"}],"author":[{"embeddable":true,"href":"https:\/\/beckstudios.com.br\/fr\/wp-json\/wp\/v2\/users\/1"}],"replies":[{"embeddable":true,"href":"https:\/\/beckstudios.com.br\/fr\/wp-json\/wp\/v2\/comments?post=30"}],"version-history":[{"count":2,"href":"https:\/\/beckstudios.com.br\/fr\/wp-json\/wp\/v2\/pages\/30\/revisions"}],"predecessor-version":[{"id":1358,"href":"https:\/\/beckstudios.com.br\/fr\/wp-json\/wp\/v2\/pages\/30\/revisions\/1358"}],"up":[{"embeddable":true,"href":"https:\/\/beckstudios.com.br\/fr\/wp-json\/wp\/v2\/pages\/17"}],"wp:attachment":[{"href":"https:\/\/beckstudios.com.br\/fr\/wp-json\/wp\/v2\/media?parent=30"}],"curies":[{"name":"wp","href":"https:\/\/api.w.org\/{rel}","templated":true}]}}