{"id":36,"date":"2022-09-02T11:45:25","date_gmt":"2022-09-02T14:45:25","guid":{"rendered":"http:\/\/dev.beckstudios.com.br\/?page_id=36"},"modified":"2022-10-26T08:27:54","modified_gmt":"2022-10-26T11:27:54","slug":"audiodescricao","status":"publish","type":"page","link":"https:\/\/beckstudios.com.br\/fr\/prestations-de-service\/audiodescription\/","title":{"rendered":"Audiodescription"},"content":{"rendered":"<p><span data-contrast=\"auto\">L\u2019audiodescription est une piste audio suppl\u00e9mentaire qui d\u00e9crit les <\/span><span data-contrast=\"auto\">\u00e9l\u00e9ments<\/span><span data-contrast=\"auto\"> visuels importants, ce qui permet aux personnes aveugles ou malvoyantes de mieux comprendre le contenu audiovisuel.\u00a0<\/span><span data-ccp-props=\"{&quot;201341983&quot;:0,&quot;335559739&quot;:160,&quot;335559740&quot;:259}\">\u00a0<\/span><\/p>\n<p><span data-contrast=\"auto\">Beck Studios a <\/span><span data-contrast=\"auto\">\u00e9t\u00e9<\/span><span data-contrast=\"auto\"> pionnier a offrir ce service au Br\u00e9sil depuis la loi 12 485 du 12 septembre 2011.\u00a0 En partenariat avec TV Globo, Beck Studios a aid\u00e9<\/span><span data-contrast=\"auto\"> \u00e0 <\/span><span data-contrast=\"auto\">mettre en <\/span><span data-contrast=\"auto\">\u0153uvre<\/span><span data-contrast=\"auto\"> cette fonctionnalit\u00e9 dans la programmation de la station, et compte d\u00e9j\u00e0 des centaines de titres contenant la piste d\u2019accessibilit\u00e9 dans son portefeuille.<\/span><span data-ccp-props=\"{&quot;201341983&quot;:0,&quot;335559739&quot;:160,&quot;335559740&quot;:259}\">\u00a0<\/span><\/p>\n<p><a href=\"https:\/\/www.planalto.gov.br\/ccivil_03\/_Ato2011-2014\/2011\/Lei\/L12485.htm\">https:\/\/www.planalto.gov.br\/ccivil_03\/_Ato2011-2014\/2011\/Lei\/L12485.htm<\/a><\/p>","protected":false},"excerpt":{"rendered":"<p>L\u2019audiodescription est une piste audio suppl\u00e9mentaire qui d\u00e9crit les \u00e9l\u00e9ments visuels importants, ce qui permet aux personnes aveugles ou malvoyantes de mieux comprendre le contenu audiovisuel.\u00a0\u00a0 Beck Studios a \u00e9t\u00e9 pionnier a offrir ce service au Br\u00e9sil depuis la loi 12 485 du 12 septembre 2011.\u00a0 En partenariat avec TV Globo, Beck Studios a aid\u00e9 \u00e0 mettre en \u0153uvre cette fonctionnalit\u00e9 dans la programmation de la station, et compte d\u00e9j\u00e0 des centaines de titres contenant la piste d\u2019accessibilit\u00e9 dans son&#8230;<\/p>\n","protected":false},"author":1,"featured_media":0,"parent":17,"menu_order":2,"comment_status":"closed","ping_status":"closed","template":"page-child.php","meta":[],"acf":[],"yoast_head":"<!-- This site is optimized with the Yoast SEO plugin v19.6.1 - https:\/\/yoast.com\/wordpress\/plugins\/seo\/ -->\n<title>Audiodescription - Beck Studios<\/title>\n<meta name=\"robots\" content=\"index, follow, max-snippet:-1, max-image-preview:large, max-video-preview:-1\" \/>\n<link rel=\"canonical\" href=\"https:\/\/beckstudios.com.br\/fr\/prestations-de-service\/audiodescription\/\" \/>\n<meta property=\"og:locale\" content=\"fr_FR\" \/>\n<meta property=\"og:type\" content=\"article\" \/>\n<meta property=\"og:title\" content=\"Audiodescription - Beck Studios\" \/>\n<meta property=\"og:description\" content=\"L\u2019audiodescription est une piste audio suppl\u00e9mentaire qui d\u00e9crit les \u00e9l\u00e9ments visuels importants, ce qui permet aux personnes aveugles ou malvoyantes de mieux comprendre le contenu audiovisuel.\u00a0\u00a0 Beck Studios a \u00e9t\u00e9 pionnier a offrir ce service au Br\u00e9sil depuis la loi 12 485 du 12 septembre 2011.\u00a0 En partenariat avec TV Globo, Beck Studios a aid\u00e9 \u00e0 mettre en \u0153uvre cette fonctionnalit\u00e9 dans la programmation de la station, et compte d\u00e9j\u00e0 des centaines de titres contenant la piste d\u2019accessibilit\u00e9 dans son...\" \/>\n<meta property=\"og:url\" content=\"https:\/\/beckstudios.com.br\/fr\/prestations-de-service\/audiodescription\/\" \/>\n<meta property=\"og:site_name\" content=\"Beck Studios\" \/>\n<meta property=\"article:modified_time\" content=\"2022-10-26T11:27:54+00:00\" \/>\n<meta name=\"twitter:card\" content=\"summary_large_image\" \/>\n<meta name=\"twitter:label1\" content=\"Dur\u00e9e de lecture estim\u00e9e\" \/>\n\t<meta name=\"twitter:data1\" content=\"1 minute\" \/>\n<script type=\"application\/ld+json\" class=\"yoast-schema-graph\">{\"@context\":\"https:\/\/schema.org\",\"@graph\":[{\"@type\":\"WebPage\",\"@id\":\"https:\/\/beckstudios.com.br\/fr\/prestations-de-service\/audiodescription\/\",\"url\":\"https:\/\/beckstudios.com.br\/fr\/prestations-de-service\/audiodescription\/\",\"name\":\"Audiodescription - Beck Studios\",\"isPartOf\":{\"@id\":\"https:\/\/beckstudios.com.br\/fr\/#website\"},\"datePublished\":\"2022-09-02T14:45:25+00:00\",\"dateModified\":\"2022-10-26T11:27:54+00:00\",\"breadcrumb\":{\"@id\":\"https:\/\/beckstudios.com.br\/fr\/prestations-de-service\/audiodescription\/#breadcrumb\"},\"inLanguage\":\"fr-FR\",\"potentialAction\":[{\"@type\":\"ReadAction\",\"target\":[[\"https:\/\/beckstudios.com.br\/fr\/prestations-de-service\/audiodescription\/\"]]}]},{\"@type\":\"BreadcrumbList\",\"@id\":\"https:\/\/beckstudios.com.br\/fr\/prestations-de-service\/audiodescription\/#breadcrumb\",\"itemListElement\":[{\"@type\":\"ListItem\",\"position\":1,\"name\":\"Beck Studios\",\"item\":\"https:\/\/beckstudios.com.br\/fr\/\"},{\"@type\":\"ListItem\",\"position\":2,\"name\":\"Prestations de service\",\"item\":\"https:\/\/beckstudios.com.br\/fr\/prestations-de-service\/\"},{\"@type\":\"ListItem\",\"position\":3,\"name\":\"Audiodescription\"}]},{\"@type\":\"WebSite\",\"@id\":\"https:\/\/beckstudios.com.br\/fr\/#website\",\"url\":\"https:\/\/beckstudios.com.br\/fr\/\",\"name\":\"Beck Studios\",\"description\":\"S\u00f3 mais um site WordPress\",\"publisher\":{\"@id\":\"https:\/\/beckstudios.com.br\/fr\/#organization\"},\"potentialAction\":[{\"@type\":\"SearchAction\",\"target\":{\"@type\":\"EntryPoint\",\"urlTemplate\":\"https:\/\/beckstudios.com.br\/fr\/?s={search_term_string}\"},\"query-input\":\"required name=search_term_string\"}],\"inLanguage\":\"fr-FR\"},{\"@type\":\"Organization\",\"@id\":\"https:\/\/beckstudios.com.br\/fr\/#organization\",\"name\":\"Beck Studios\",\"url\":\"https:\/\/beckstudios.com.br\/fr\/\",\"sameAs\":[],\"logo\":{\"@type\":\"ImageObject\",\"inLanguage\":\"fr-FR\",\"@id\":\"https:\/\/beckstudios.com.br\/fr\/#\/schema\/logo\/image\/\",\"url\":\"https:\/\/beckstudios.com.br\/wp-content\/uploads\/2022\/08\/logo.png\",\"contentUrl\":\"https:\/\/beckstudios.com.br\/wp-content\/uploads\/2022\/08\/logo.png\",\"width\":132,\"height\":72,\"caption\":\"Beck Studios\"},\"image\":{\"@id\":\"https:\/\/beckstudios.com.br\/fr\/#\/schema\/logo\/image\/\"}}]}<\/script>\n<!-- \/ Yoast SEO plugin. -->","yoast_head_json":{"title":"Audiodescription - Beck Studios","robots":{"index":"index","follow":"follow","max-snippet":"max-snippet:-1","max-image-preview":"max-image-preview:large","max-video-preview":"max-video-preview:-1"},"canonical":"https:\/\/beckstudios.com.br\/fr\/prestations-de-service\/audiodescription\/","og_locale":"fr_FR","og_type":"article","og_title":"Audiodescription - Beck Studios","og_description":"L\u2019audiodescription est une piste audio suppl\u00e9mentaire qui d\u00e9crit les \u00e9l\u00e9ments visuels importants, ce qui permet aux personnes aveugles ou malvoyantes de mieux comprendre le contenu audiovisuel.\u00a0\u00a0 Beck Studios a \u00e9t\u00e9 pionnier a offrir ce service au Br\u00e9sil depuis la loi 12 485 du 12 septembre 2011.\u00a0 En partenariat avec TV Globo, Beck Studios a aid\u00e9 \u00e0 mettre en \u0153uvre cette fonctionnalit\u00e9 dans la programmation de la station, et compte d\u00e9j\u00e0 des centaines de titres contenant la piste d\u2019accessibilit\u00e9 dans son...","og_url":"https:\/\/beckstudios.com.br\/fr\/prestations-de-service\/audiodescription\/","og_site_name":"Beck Studios","article_modified_time":"2022-10-26T11:27:54+00:00","twitter_card":"summary_large_image","twitter_misc":{"Dur\u00e9e de lecture estim\u00e9e":"1 minute"},"schema":{"@context":"https:\/\/schema.org","@graph":[{"@type":"WebPage","@id":"https:\/\/beckstudios.com.br\/fr\/prestations-de-service\/audiodescription\/","url":"https:\/\/beckstudios.com.br\/fr\/prestations-de-service\/audiodescription\/","name":"Audiodescription - Beck Studios","isPartOf":{"@id":"https:\/\/beckstudios.com.br\/fr\/#website"},"datePublished":"2022-09-02T14:45:25+00:00","dateModified":"2022-10-26T11:27:54+00:00","breadcrumb":{"@id":"https:\/\/beckstudios.com.br\/fr\/prestations-de-service\/audiodescription\/#breadcrumb"},"inLanguage":"fr-FR","potentialAction":[{"@type":"ReadAction","target":[["https:\/\/beckstudios.com.br\/fr\/prestations-de-service\/audiodescription\/"]]}]},{"@type":"BreadcrumbList","@id":"https:\/\/beckstudios.com.br\/fr\/prestations-de-service\/audiodescription\/#breadcrumb","itemListElement":[{"@type":"ListItem","position":1,"name":"Beck Studios","item":"https:\/\/beckstudios.com.br\/fr\/"},{"@type":"ListItem","position":2,"name":"Prestations de service","item":"https:\/\/beckstudios.com.br\/fr\/prestations-de-service\/"},{"@type":"ListItem","position":3,"name":"Audiodescription"}]},{"@type":"WebSite","@id":"https:\/\/beckstudios.com.br\/fr\/#website","url":"https:\/\/beckstudios.com.br\/fr\/","name":"Beck Studios","description":"S\u00f3 mais um site WordPress","publisher":{"@id":"https:\/\/beckstudios.com.br\/fr\/#organization"},"potentialAction":[{"@type":"SearchAction","target":{"@type":"EntryPoint","urlTemplate":"https:\/\/beckstudios.com.br\/fr\/?s={search_term_string}"},"query-input":"required name=search_term_string"}],"inLanguage":"fr-FR"},{"@type":"Organization","@id":"https:\/\/beckstudios.com.br\/fr\/#organization","name":"Beck Studios","url":"https:\/\/beckstudios.com.br\/fr\/","sameAs":[],"logo":{"@type":"ImageObject","inLanguage":"fr-FR","@id":"https:\/\/beckstudios.com.br\/fr\/#\/schema\/logo\/image\/","url":"https:\/\/beckstudios.com.br\/wp-content\/uploads\/2022\/08\/logo.png","contentUrl":"https:\/\/beckstudios.com.br\/wp-content\/uploads\/2022\/08\/logo.png","width":132,"height":72,"caption":"Beck Studios"},"image":{"@id":"https:\/\/beckstudios.com.br\/fr\/#\/schema\/logo\/image\/"}}]}},"_links":{"self":[{"href":"https:\/\/beckstudios.com.br\/fr\/wp-json\/wp\/v2\/pages\/36"}],"collection":[{"href":"https:\/\/beckstudios.com.br\/fr\/wp-json\/wp\/v2\/pages"}],"about":[{"href":"https:\/\/beckstudios.com.br\/fr\/wp-json\/wp\/v2\/types\/page"}],"author":[{"embeddable":true,"href":"https:\/\/beckstudios.com.br\/fr\/wp-json\/wp\/v2\/users\/1"}],"replies":[{"embeddable":true,"href":"https:\/\/beckstudios.com.br\/fr\/wp-json\/wp\/v2\/comments?post=36"}],"version-history":[{"count":2,"href":"https:\/\/beckstudios.com.br\/fr\/wp-json\/wp\/v2\/pages\/36\/revisions"}],"predecessor-version":[{"id":1340,"href":"https:\/\/beckstudios.com.br\/fr\/wp-json\/wp\/v2\/pages\/36\/revisions\/1340"}],"up":[{"embeddable":true,"href":"https:\/\/beckstudios.com.br\/fr\/wp-json\/wp\/v2\/pages\/17"}],"wp:attachment":[{"href":"https:\/\/beckstudios.com.br\/fr\/wp-json\/wp\/v2\/media?parent=36"}],"curies":[{"name":"wp","href":"https:\/\/api.w.org\/{rel}","templated":true}]}}