{"id":48,"date":"2022-09-02T11:51:03","date_gmt":"2022-09-02T14:51:03","guid":{"rendered":"http:\/\/dev.beckstudios.com.br\/?page_id=48"},"modified":"2022-10-28T12:15:05","modified_gmt":"2022-10-28T15:15:05","slug":"audiolivro","status":"publish","type":"page","link":"https:\/\/beckstudios.com.br\/fr\/prestations-de-service\/livre-audio\/","title":{"rendered":"Livre audio"},"content":{"rendered":"<p><span data-contrast=\"auto\">Livres audio<\/span><span data-ccp-props=\"{&quot;201341983&quot;:0,&quot;335551550&quot;:2,&quot;335551620&quot;:2,&quot;335559739&quot;:160,&quot;335559740&quot;:259}\">\u00a0<\/span><\/p>\n<p><span data-contrast=\"auto\">Les livres audio sont l\u2019enregistrement de la lecture d\u2019un livre par un narrateur professionnel ou par l\u2019auteur du livre.\u00a0 Cr\u00e9es dans les ann\u00e9es 1930, ils ont d\u2019abord <\/span><span data-contrast=\"auto\">\u00e9t\u00e9<\/span><span data-contrast=\"auto\"> appel\u00e9s \u00ab livres parlants \u00bb.<\/span><span data-ccp-props=\"{&quot;201341983&quot;:0,&quot;335559739&quot;:160,&quot;335559740&quot;:259}\">\u00a0<\/span><\/p>\n<p><span data-contrast=\"auto\">Les livres audio sont d\u2019excellents outils pour les lecteurs malvoyants ou aveugles. Ils peuvent grandement acc\u00e9l\u00e9rer l\u2019acquisition de connaissances en cas de difficult\u00e9s d\u2019apprentissage, de dyslexie et m\u00eame d\u2019analphab\u00e9tisme. Ils sont <\/span><span data-contrast=\"auto\">\u00e9galement<\/span><span data-contrast=\"auto\"> id\u00e9aux pour les personnes qui veulent lire mais n\u2019ont pas le temps. L\u2019habitude d\u2019<\/span><span data-contrast=\"auto\">\u00e9couter<\/span><span data-contrast=\"auto\"> des livres peut <\/span><span data-contrast=\"auto\">\u00eatre<\/span><span data-contrast=\"auto\"> facilement acquise, car il est possible de le faire simultan\u00e9ment avec d\u2019autres activit\u00e9s quotidiennes.<\/span><span data-ccp-props=\"{&quot;201341983&quot;:0,&quot;335559739&quot;:160,&quot;335559740&quot;:259}\">\u00a0<\/span><\/p>\n<p><span data-ccp-props=\"{&quot;201341983&quot;:0,&quot;335559739&quot;:160,&quot;335559740&quot;:259}\">\u00a0<\/span><\/p>\n<p><span data-contrast=\"auto\">Beck Studios enregistre des livres audio pour de nombreuses grandes maisons d\u2019<\/span><span data-contrast=\"auto\">\u00e9dition<\/span><span data-contrast=\"auto\"> br\u00e9siliennes et a dans son portefeuille les meilleures voix br\u00e9siliennes qui donnent vie a une grande variet\u00e9 de publications.<\/span><span data-ccp-props=\"{&quot;201341983&quot;:0,&quot;335559739&quot;:160,&quot;335559740&quot;:259}\">\u00a0<\/span><\/p>","protected":false},"excerpt":{"rendered":"<p>Livres audio\u00a0 Les livres audio sont l\u2019enregistrement de la lecture d\u2019un livre par un narrateur professionnel ou par l\u2019auteur du livre.\u00a0 Cr\u00e9es dans les ann\u00e9es 1930, ils ont d\u2019abord \u00e9t\u00e9 appel\u00e9s \u00ab livres parlants \u00bb.\u00a0 Les livres audio sont d\u2019excellents outils pour les lecteurs malvoyants ou aveugles. Ils peuvent grandement acc\u00e9l\u00e9rer l\u2019acquisition de connaissances en cas de difficult\u00e9s d\u2019apprentissage, de dyslexie et m\u00eame d\u2019analphab\u00e9tisme. Ils sont \u00e9galement id\u00e9aux pour les personnes qui veulent lire mais n\u2019ont pas le temps. L\u2019habitude&#8230;<\/p>\n","protected":false},"author":1,"featured_media":0,"parent":17,"menu_order":3,"comment_status":"closed","ping_status":"closed","template":"page-child.php","meta":[],"acf":[],"yoast_head":"<!-- This site is optimized with the Yoast SEO plugin v19.6.1 - https:\/\/yoast.com\/wordpress\/plugins\/seo\/ -->\n<title>Livre audio - Beck Studios<\/title>\n<meta name=\"robots\" content=\"index, follow, max-snippet:-1, max-image-preview:large, max-video-preview:-1\" \/>\n<link rel=\"canonical\" href=\"https:\/\/beckstudios.com.br\/fr\/prestations-de-service\/livre-audio\/\" \/>\n<meta property=\"og:locale\" content=\"fr_FR\" \/>\n<meta property=\"og:type\" content=\"article\" \/>\n<meta property=\"og:title\" content=\"Livre audio - Beck Studios\" \/>\n<meta property=\"og:description\" content=\"Livres audio\u00a0 Les livres audio sont l\u2019enregistrement de la lecture d\u2019un livre par un narrateur professionnel ou par l\u2019auteur du livre.\u00a0 Cr\u00e9es dans les ann\u00e9es 1930, ils ont d\u2019abord \u00e9t\u00e9 appel\u00e9s \u00ab livres parlants \u00bb.\u00a0 Les livres audio sont d\u2019excellents outils pour les lecteurs malvoyants ou aveugles. Ils peuvent grandement acc\u00e9l\u00e9rer l\u2019acquisition de connaissances en cas de difficult\u00e9s d\u2019apprentissage, de dyslexie et m\u00eame d\u2019analphab\u00e9tisme. Ils sont \u00e9galement id\u00e9aux pour les personnes qui veulent lire mais n\u2019ont pas le temps. L\u2019habitude...\" \/>\n<meta property=\"og:url\" content=\"https:\/\/beckstudios.com.br\/fr\/prestations-de-service\/livre-audio\/\" \/>\n<meta property=\"og:site_name\" content=\"Beck Studios\" \/>\n<meta property=\"article:modified_time\" content=\"2022-10-28T15:15:05+00:00\" \/>\n<meta name=\"twitter:card\" content=\"summary_large_image\" \/>\n<meta name=\"twitter:label1\" content=\"Dur\u00e9e de lecture estim\u00e9e\" \/>\n\t<meta name=\"twitter:data1\" content=\"1 minute\" \/>\n<script type=\"application\/ld+json\" class=\"yoast-schema-graph\">{\"@context\":\"https:\/\/schema.org\",\"@graph\":[{\"@type\":\"WebPage\",\"@id\":\"https:\/\/beckstudios.com.br\/fr\/prestations-de-service\/livre-audio\/\",\"url\":\"https:\/\/beckstudios.com.br\/fr\/prestations-de-service\/livre-audio\/\",\"name\":\"Livre audio - Beck Studios\",\"isPartOf\":{\"@id\":\"https:\/\/beckstudios.com.br\/fr\/#website\"},\"datePublished\":\"2022-09-02T14:51:03+00:00\",\"dateModified\":\"2022-10-28T15:15:05+00:00\",\"breadcrumb\":{\"@id\":\"https:\/\/beckstudios.com.br\/fr\/prestations-de-service\/livre-audio\/#breadcrumb\"},\"inLanguage\":\"fr-FR\",\"potentialAction\":[{\"@type\":\"ReadAction\",\"target\":[[\"https:\/\/beckstudios.com.br\/fr\/prestations-de-service\/livre-audio\/\"]]}]},{\"@type\":\"BreadcrumbList\",\"@id\":\"https:\/\/beckstudios.com.br\/fr\/prestations-de-service\/livre-audio\/#breadcrumb\",\"itemListElement\":[{\"@type\":\"ListItem\",\"position\":1,\"name\":\"Beck Studios\",\"item\":\"https:\/\/beckstudios.com.br\/fr\/\"},{\"@type\":\"ListItem\",\"position\":2,\"name\":\"Prestations de service\",\"item\":\"https:\/\/beckstudios.com.br\/fr\/prestations-de-service\/\"},{\"@type\":\"ListItem\",\"position\":3,\"name\":\"Livre audio\"}]},{\"@type\":\"WebSite\",\"@id\":\"https:\/\/beckstudios.com.br\/fr\/#website\",\"url\":\"https:\/\/beckstudios.com.br\/fr\/\",\"name\":\"Beck Studios\",\"description\":\"S\u00f3 mais um site WordPress\",\"publisher\":{\"@id\":\"https:\/\/beckstudios.com.br\/fr\/#organization\"},\"potentialAction\":[{\"@type\":\"SearchAction\",\"target\":{\"@type\":\"EntryPoint\",\"urlTemplate\":\"https:\/\/beckstudios.com.br\/fr\/?s={search_term_string}\"},\"query-input\":\"required name=search_term_string\"}],\"inLanguage\":\"fr-FR\"},{\"@type\":\"Organization\",\"@id\":\"https:\/\/beckstudios.com.br\/fr\/#organization\",\"name\":\"Beck Studios\",\"url\":\"https:\/\/beckstudios.com.br\/fr\/\",\"sameAs\":[],\"logo\":{\"@type\":\"ImageObject\",\"inLanguage\":\"fr-FR\",\"@id\":\"https:\/\/beckstudios.com.br\/fr\/#\/schema\/logo\/image\/\",\"url\":\"https:\/\/beckstudios.com.br\/wp-content\/uploads\/2022\/08\/logo.png\",\"contentUrl\":\"https:\/\/beckstudios.com.br\/wp-content\/uploads\/2022\/08\/logo.png\",\"width\":132,\"height\":72,\"caption\":\"Beck Studios\"},\"image\":{\"@id\":\"https:\/\/beckstudios.com.br\/fr\/#\/schema\/logo\/image\/\"}}]}<\/script>\n<!-- \/ Yoast SEO plugin. -->","yoast_head_json":{"title":"Livre audio - Beck Studios","robots":{"index":"index","follow":"follow","max-snippet":"max-snippet:-1","max-image-preview":"max-image-preview:large","max-video-preview":"max-video-preview:-1"},"canonical":"https:\/\/beckstudios.com.br\/fr\/prestations-de-service\/livre-audio\/","og_locale":"fr_FR","og_type":"article","og_title":"Livre audio - Beck Studios","og_description":"Livres audio\u00a0 Les livres audio sont l\u2019enregistrement de la lecture d\u2019un livre par un narrateur professionnel ou par l\u2019auteur du livre.\u00a0 Cr\u00e9es dans les ann\u00e9es 1930, ils ont d\u2019abord \u00e9t\u00e9 appel\u00e9s \u00ab livres parlants \u00bb.\u00a0 Les livres audio sont d\u2019excellents outils pour les lecteurs malvoyants ou aveugles. Ils peuvent grandement acc\u00e9l\u00e9rer l\u2019acquisition de connaissances en cas de difficult\u00e9s d\u2019apprentissage, de dyslexie et m\u00eame d\u2019analphab\u00e9tisme. Ils sont \u00e9galement id\u00e9aux pour les personnes qui veulent lire mais n\u2019ont pas le temps. L\u2019habitude...","og_url":"https:\/\/beckstudios.com.br\/fr\/prestations-de-service\/livre-audio\/","og_site_name":"Beck Studios","article_modified_time":"2022-10-28T15:15:05+00:00","twitter_card":"summary_large_image","twitter_misc":{"Dur\u00e9e de lecture estim\u00e9e":"1 minute"},"schema":{"@context":"https:\/\/schema.org","@graph":[{"@type":"WebPage","@id":"https:\/\/beckstudios.com.br\/fr\/prestations-de-service\/livre-audio\/","url":"https:\/\/beckstudios.com.br\/fr\/prestations-de-service\/livre-audio\/","name":"Livre audio - Beck Studios","isPartOf":{"@id":"https:\/\/beckstudios.com.br\/fr\/#website"},"datePublished":"2022-09-02T14:51:03+00:00","dateModified":"2022-10-28T15:15:05+00:00","breadcrumb":{"@id":"https:\/\/beckstudios.com.br\/fr\/prestations-de-service\/livre-audio\/#breadcrumb"},"inLanguage":"fr-FR","potentialAction":[{"@type":"ReadAction","target":[["https:\/\/beckstudios.com.br\/fr\/prestations-de-service\/livre-audio\/"]]}]},{"@type":"BreadcrumbList","@id":"https:\/\/beckstudios.com.br\/fr\/prestations-de-service\/livre-audio\/#breadcrumb","itemListElement":[{"@type":"ListItem","position":1,"name":"Beck Studios","item":"https:\/\/beckstudios.com.br\/fr\/"},{"@type":"ListItem","position":2,"name":"Prestations de service","item":"https:\/\/beckstudios.com.br\/fr\/prestations-de-service\/"},{"@type":"ListItem","position":3,"name":"Livre audio"}]},{"@type":"WebSite","@id":"https:\/\/beckstudios.com.br\/fr\/#website","url":"https:\/\/beckstudios.com.br\/fr\/","name":"Beck Studios","description":"S\u00f3 mais um site WordPress","publisher":{"@id":"https:\/\/beckstudios.com.br\/fr\/#organization"},"potentialAction":[{"@type":"SearchAction","target":{"@type":"EntryPoint","urlTemplate":"https:\/\/beckstudios.com.br\/fr\/?s={search_term_string}"},"query-input":"required name=search_term_string"}],"inLanguage":"fr-FR"},{"@type":"Organization","@id":"https:\/\/beckstudios.com.br\/fr\/#organization","name":"Beck Studios","url":"https:\/\/beckstudios.com.br\/fr\/","sameAs":[],"logo":{"@type":"ImageObject","inLanguage":"fr-FR","@id":"https:\/\/beckstudios.com.br\/fr\/#\/schema\/logo\/image\/","url":"https:\/\/beckstudios.com.br\/wp-content\/uploads\/2022\/08\/logo.png","contentUrl":"https:\/\/beckstudios.com.br\/wp-content\/uploads\/2022\/08\/logo.png","width":132,"height":72,"caption":"Beck Studios"},"image":{"@id":"https:\/\/beckstudios.com.br\/fr\/#\/schema\/logo\/image\/"}}]}},"_links":{"self":[{"href":"https:\/\/beckstudios.com.br\/fr\/wp-json\/wp\/v2\/pages\/48"}],"collection":[{"href":"https:\/\/beckstudios.com.br\/fr\/wp-json\/wp\/v2\/pages"}],"about":[{"href":"https:\/\/beckstudios.com.br\/fr\/wp-json\/wp\/v2\/types\/page"}],"author":[{"embeddable":true,"href":"https:\/\/beckstudios.com.br\/fr\/wp-json\/wp\/v2\/users\/1"}],"replies":[{"embeddable":true,"href":"https:\/\/beckstudios.com.br\/fr\/wp-json\/wp\/v2\/comments?post=48"}],"version-history":[{"count":2,"href":"https:\/\/beckstudios.com.br\/fr\/wp-json\/wp\/v2\/pages\/48\/revisions"}],"predecessor-version":[{"id":1364,"href":"https:\/\/beckstudios.com.br\/fr\/wp-json\/wp\/v2\/pages\/48\/revisions\/1364"}],"up":[{"embeddable":true,"href":"https:\/\/beckstudios.com.br\/fr\/wp-json\/wp\/v2\/pages\/17"}],"wp:attachment":[{"href":"https:\/\/beckstudios.com.br\/fr\/wp-json\/wp\/v2\/media?parent=48"}],"curies":[{"name":"wp","href":"https:\/\/api.w.org\/{rel}","templated":true}]}}