{"id":58,"date":"2022-09-02T11:53:09","date_gmt":"2022-09-02T14:53:09","guid":{"rendered":"http:\/\/dev.beckstudios.com.br\/?page_id=58"},"modified":"2023-10-16T12:30:19","modified_gmt":"2023-10-16T15:30:19","slug":"curso","status":"publish","type":"page","link":"https:\/\/beckstudios.com.br\/fr\/prestations-de-service\/cours\/","title":{"rendered":"Cours"},"content":{"rendered":"<p>Beck Studios est \u00e9galement responsable de la formation des futurs acteurs de doublage. Depuis 2011, nous offrons des cours pour adultes et enfants, dispens\u00e9s par les meilleurs professeurs du march\u00e9. Nous croyons que la pratique rend parfait, et donc nos cours sont tr\u00e8s dynamiques et pratiques. Les classes ont lieu das le plus grand de nos studios, o\u00f9 les \u00e9l\u00e8ves s\u2019entra\u00eenent dans des conditions tr\u00e8s similaires \u00e0 la r\u00e9elle pratique de leur future profession.<\/p>","protected":false},"excerpt":{"rendered":"<p>Beck Studios est \u00e9galement responsable de la formation des futurs acteurs de doublage. Depuis 2011, nous offrons des cours pour adultes et enfants, dispens\u00e9s par les meilleurs professeurs du march\u00e9. Nous croyons que la pratique rend parfait, et donc nos cours sont tr\u00e8s dynamiques et pratiques. Les classes ont lieu das le plus grand de nos studios, o\u00f9 les \u00e9l\u00e8ves s\u2019entra\u00eenent dans des conditions tr\u00e8s similaires \u00e0 la r\u00e9elle pratique de leur future profession.<\/p>\n","protected":false},"author":1,"featured_media":0,"parent":17,"menu_order":5,"comment_status":"closed","ping_status":"closed","template":"page-child.php","meta":[],"acf":[],"yoast_head":"<!-- This site is optimized with the Yoast SEO plugin v19.6.1 - https:\/\/yoast.com\/wordpress\/plugins\/seo\/ -->\n<title>Cours - Beck Studios<\/title>\n<meta name=\"robots\" content=\"index, follow, max-snippet:-1, max-image-preview:large, max-video-preview:-1\" \/>\n<link rel=\"canonical\" href=\"https:\/\/beckstudios.com.br\/fr\/prestations-de-service\/cours\/\" \/>\n<meta property=\"og:locale\" content=\"fr_FR\" \/>\n<meta property=\"og:type\" content=\"article\" \/>\n<meta property=\"og:title\" content=\"Cours - Beck Studios\" \/>\n<meta property=\"og:description\" content=\"Beck Studios est \u00e9galement responsable de la formation des futurs acteurs de doublage. Depuis 2011, nous offrons des cours pour adultes et enfants, dispens\u00e9s par les meilleurs professeurs du march\u00e9. Nous croyons que la pratique rend parfait, et donc nos cours sont tr\u00e8s dynamiques et pratiques. Les classes ont lieu das le plus grand de nos studios, o\u00f9 les \u00e9l\u00e8ves s\u2019entra\u00eenent dans des conditions tr\u00e8s similaires \u00e0 la r\u00e9elle pratique de leur future profession.\" \/>\n<meta property=\"og:url\" content=\"https:\/\/beckstudios.com.br\/fr\/prestations-de-service\/cours\/\" \/>\n<meta property=\"og:site_name\" content=\"Beck Studios\" \/>\n<meta property=\"article:modified_time\" content=\"2023-10-16T15:30:19+00:00\" \/>\n<meta property=\"og:image\" content=\"https:\/\/www.beckstudios.com.br\/wp-content\/uploads\/2023\/10\/Curso-Charles-300x300.jpeg\" \/>\n<meta name=\"twitter:card\" content=\"summary_large_image\" \/>\n<meta name=\"twitter:label1\" content=\"Dur\u00e9e de lecture estim\u00e9e\" \/>\n\t<meta name=\"twitter:data1\" content=\"2 minutes\" \/>\n<script type=\"application\/ld+json\" class=\"yoast-schema-graph\">{\"@context\":\"https:\/\/schema.org\",\"@graph\":[{\"@type\":\"WebPage\",\"@id\":\"https:\/\/beckstudios.com.br\/fr\/prestations-de-service\/cours\/\",\"url\":\"https:\/\/beckstudios.com.br\/fr\/prestations-de-service\/cours\/\",\"name\":\"Cours - Beck Studios\",\"isPartOf\":{\"@id\":\"https:\/\/beckstudios.com.br\/fr\/#website\"},\"datePublished\":\"2022-09-02T14:53:09+00:00\",\"dateModified\":\"2023-10-16T15:30:19+00:00\",\"breadcrumb\":{\"@id\":\"https:\/\/beckstudios.com.br\/fr\/prestations-de-service\/cours\/#breadcrumb\"},\"inLanguage\":\"fr-FR\",\"potentialAction\":[{\"@type\":\"ReadAction\",\"target\":[[\"https:\/\/beckstudios.com.br\/fr\/prestations-de-service\/cours\/\"]]}]},{\"@type\":\"BreadcrumbList\",\"@id\":\"https:\/\/beckstudios.com.br\/fr\/prestations-de-service\/cours\/#breadcrumb\",\"itemListElement\":[{\"@type\":\"ListItem\",\"position\":1,\"name\":\"Beck Studios\",\"item\":\"https:\/\/beckstudios.com.br\/fr\/\"},{\"@type\":\"ListItem\",\"position\":2,\"name\":\"Prestations de service\",\"item\":\"https:\/\/beckstudios.com.br\/fr\/prestations-de-service\/\"},{\"@type\":\"ListItem\",\"position\":3,\"name\":\"Cours\"}]},{\"@type\":\"WebSite\",\"@id\":\"https:\/\/beckstudios.com.br\/fr\/#website\",\"url\":\"https:\/\/beckstudios.com.br\/fr\/\",\"name\":\"Beck Studios\",\"description\":\"S\u00f3 mais um site WordPress\",\"publisher\":{\"@id\":\"https:\/\/beckstudios.com.br\/fr\/#organization\"},\"potentialAction\":[{\"@type\":\"SearchAction\",\"target\":{\"@type\":\"EntryPoint\",\"urlTemplate\":\"https:\/\/beckstudios.com.br\/fr\/?s={search_term_string}\"},\"query-input\":\"required name=search_term_string\"}],\"inLanguage\":\"fr-FR\"},{\"@type\":\"Organization\",\"@id\":\"https:\/\/beckstudios.com.br\/fr\/#organization\",\"name\":\"Beck Studios\",\"url\":\"https:\/\/beckstudios.com.br\/fr\/\",\"sameAs\":[],\"logo\":{\"@type\":\"ImageObject\",\"inLanguage\":\"fr-FR\",\"@id\":\"https:\/\/beckstudios.com.br\/fr\/#\/schema\/logo\/image\/\",\"url\":\"https:\/\/beckstudios.com.br\/wp-content\/uploads\/2022\/08\/logo.png\",\"contentUrl\":\"https:\/\/beckstudios.com.br\/wp-content\/uploads\/2022\/08\/logo.png\",\"width\":132,\"height\":72,\"caption\":\"Beck Studios\"},\"image\":{\"@id\":\"https:\/\/beckstudios.com.br\/fr\/#\/schema\/logo\/image\/\"}}]}<\/script>\n<!-- \/ Yoast SEO plugin. -->","yoast_head_json":{"title":"Cours - Beck Studios","robots":{"index":"index","follow":"follow","max-snippet":"max-snippet:-1","max-image-preview":"max-image-preview:large","max-video-preview":"max-video-preview:-1"},"canonical":"https:\/\/beckstudios.com.br\/fr\/prestations-de-service\/cours\/","og_locale":"fr_FR","og_type":"article","og_title":"Cours - Beck Studios","og_description":"Beck Studios est \u00e9galement responsable de la formation des futurs acteurs de doublage. Depuis 2011, nous offrons des cours pour adultes et enfants, dispens\u00e9s par les meilleurs professeurs du march\u00e9. Nous croyons que la pratique rend parfait, et donc nos cours sont tr\u00e8s dynamiques et pratiques. Les classes ont lieu das le plus grand de nos studios, o\u00f9 les \u00e9l\u00e8ves s\u2019entra\u00eenent dans des conditions tr\u00e8s similaires \u00e0 la r\u00e9elle pratique de leur future profession.","og_url":"https:\/\/beckstudios.com.br\/fr\/prestations-de-service\/cours\/","og_site_name":"Beck Studios","article_modified_time":"2023-10-16T15:30:19+00:00","og_image":[{"url":"https:\/\/www.beckstudios.com.br\/wp-content\/uploads\/2023\/10\/Curso-Charles-300x300.jpeg"}],"twitter_card":"summary_large_image","twitter_misc":{"Dur\u00e9e de lecture estim\u00e9e":"2 minutes"},"schema":{"@context":"https:\/\/schema.org","@graph":[{"@type":"WebPage","@id":"https:\/\/beckstudios.com.br\/fr\/prestations-de-service\/cours\/","url":"https:\/\/beckstudios.com.br\/fr\/prestations-de-service\/cours\/","name":"Cours - Beck Studios","isPartOf":{"@id":"https:\/\/beckstudios.com.br\/fr\/#website"},"datePublished":"2022-09-02T14:53:09+00:00","dateModified":"2023-10-16T15:30:19+00:00","breadcrumb":{"@id":"https:\/\/beckstudios.com.br\/fr\/prestations-de-service\/cours\/#breadcrumb"},"inLanguage":"fr-FR","potentialAction":[{"@type":"ReadAction","target":[["https:\/\/beckstudios.com.br\/fr\/prestations-de-service\/cours\/"]]}]},{"@type":"BreadcrumbList","@id":"https:\/\/beckstudios.com.br\/fr\/prestations-de-service\/cours\/#breadcrumb","itemListElement":[{"@type":"ListItem","position":1,"name":"Beck Studios","item":"https:\/\/beckstudios.com.br\/fr\/"},{"@type":"ListItem","position":2,"name":"Prestations de service","item":"https:\/\/beckstudios.com.br\/fr\/prestations-de-service\/"},{"@type":"ListItem","position":3,"name":"Cours"}]},{"@type":"WebSite","@id":"https:\/\/beckstudios.com.br\/fr\/#website","url":"https:\/\/beckstudios.com.br\/fr\/","name":"Beck Studios","description":"S\u00f3 mais um site WordPress","publisher":{"@id":"https:\/\/beckstudios.com.br\/fr\/#organization"},"potentialAction":[{"@type":"SearchAction","target":{"@type":"EntryPoint","urlTemplate":"https:\/\/beckstudios.com.br\/fr\/?s={search_term_string}"},"query-input":"required name=search_term_string"}],"inLanguage":"fr-FR"},{"@type":"Organization","@id":"https:\/\/beckstudios.com.br\/fr\/#organization","name":"Beck Studios","url":"https:\/\/beckstudios.com.br\/fr\/","sameAs":[],"logo":{"@type":"ImageObject","inLanguage":"fr-FR","@id":"https:\/\/beckstudios.com.br\/fr\/#\/schema\/logo\/image\/","url":"https:\/\/beckstudios.com.br\/wp-content\/uploads\/2022\/08\/logo.png","contentUrl":"https:\/\/beckstudios.com.br\/wp-content\/uploads\/2022\/08\/logo.png","width":132,"height":72,"caption":"Beck Studios"},"image":{"@id":"https:\/\/beckstudios.com.br\/fr\/#\/schema\/logo\/image\/"}}]}},"_links":{"self":[{"href":"https:\/\/beckstudios.com.br\/fr\/wp-json\/wp\/v2\/pages\/58"}],"collection":[{"href":"https:\/\/beckstudios.com.br\/fr\/wp-json\/wp\/v2\/pages"}],"about":[{"href":"https:\/\/beckstudios.com.br\/fr\/wp-json\/wp\/v2\/types\/page"}],"author":[{"embeddable":true,"href":"https:\/\/beckstudios.com.br\/fr\/wp-json\/wp\/v2\/users\/1"}],"replies":[{"embeddable":true,"href":"https:\/\/beckstudios.com.br\/fr\/wp-json\/wp\/v2\/comments?post=58"}],"version-history":[{"count":3,"href":"https:\/\/beckstudios.com.br\/fr\/wp-json\/wp\/v2\/pages\/58\/revisions"}],"predecessor-version":[{"id":1498,"href":"https:\/\/beckstudios.com.br\/fr\/wp-json\/wp\/v2\/pages\/58\/revisions\/1498"}],"up":[{"embeddable":true,"href":"https:\/\/beckstudios.com.br\/fr\/wp-json\/wp\/v2\/pages\/17"}],"wp:attachment":[{"href":"https:\/\/beckstudios.com.br\/fr\/wp-json\/wp\/v2\/media?parent=58"}],"curies":[{"name":"wp","href":"https:\/\/api.w.org\/{rel}","templated":true}]}}