{"id":60,"date":"2022-09-02T11:53:32","date_gmt":"2022-09-02T14:53:32","guid":{"rendered":"http:\/\/dev.beckstudios.com.br\/?page_id=60"},"modified":"2022-10-28T12:12:34","modified_gmt":"2022-10-28T15:12:34","slug":"localizacao-de-games","status":"publish","type":"page","link":"https:\/\/beckstudios.com.br\/fr\/prestations-de-service\/localisation-du-jeu\/","title":{"rendered":"Localisation du jeu"},"content":{"rendered":"<p>La Localization de Jeux Vid\u00e9o est la version br\u00e9silienne des jeux qui sont notamment cr\u00e9es en langues \u00e9trang\u00e8res. Cela cr\u00e9e un environnement immersif pour le joueur, ce qui permet une exp\u00e9rience linguistique et culturelle authentique et \u00e9quivalente.<\/p>","protected":false},"excerpt":{"rendered":"<p>La Localization de Jeux Vid\u00e9o est la version br\u00e9silienne des jeux qui sont notamment cr\u00e9es en langues \u00e9trang\u00e8res. Cela cr\u00e9e un environnement immersif pour le joueur, ce qui permet une exp\u00e9rience linguistique et culturelle authentique et \u00e9quivalente.<\/p>\n","protected":false},"author":1,"featured_media":0,"parent":17,"menu_order":9,"comment_status":"closed","ping_status":"closed","template":"page-child.php","meta":[],"acf":[],"yoast_head":"<!-- This site is optimized with the Yoast SEO plugin v19.6.1 - https:\/\/yoast.com\/wordpress\/plugins\/seo\/ -->\n<title>Localisation du jeu - Beck Studios<\/title>\n<meta name=\"robots\" content=\"index, follow, max-snippet:-1, max-image-preview:large, max-video-preview:-1\" \/>\n<link rel=\"canonical\" href=\"https:\/\/beckstudios.com.br\/fr\/prestations-de-service\/localisation-du-jeu\/\" \/>\n<meta property=\"og:locale\" content=\"fr_FR\" \/>\n<meta property=\"og:type\" content=\"article\" \/>\n<meta property=\"og:title\" content=\"Localisation du jeu - Beck Studios\" \/>\n<meta property=\"og:description\" content=\"La Localization de Jeux Vid\u00e9o est la version br\u00e9silienne des jeux qui sont notamment cr\u00e9es en langues \u00e9trang\u00e8res. Cela cr\u00e9e un environnement immersif pour le joueur, ce qui permet une exp\u00e9rience linguistique et culturelle authentique et \u00e9quivalente.\" \/>\n<meta property=\"og:url\" content=\"https:\/\/beckstudios.com.br\/fr\/prestations-de-service\/localisation-du-jeu\/\" \/>\n<meta property=\"og:site_name\" content=\"Beck Studios\" \/>\n<meta property=\"article:modified_time\" content=\"2022-10-28T15:12:34+00:00\" \/>\n<meta name=\"twitter:card\" content=\"summary_large_image\" \/>\n<meta name=\"twitter:label1\" content=\"Dur\u00e9e de lecture estim\u00e9e\" \/>\n\t<meta name=\"twitter:data1\" content=\"1 minute\" \/>\n<script type=\"application\/ld+json\" class=\"yoast-schema-graph\">{\"@context\":\"https:\/\/schema.org\",\"@graph\":[{\"@type\":\"WebPage\",\"@id\":\"https:\/\/beckstudios.com.br\/fr\/prestations-de-service\/localisation-du-jeu\/\",\"url\":\"https:\/\/beckstudios.com.br\/fr\/prestations-de-service\/localisation-du-jeu\/\",\"name\":\"Localisation du jeu - Beck Studios\",\"isPartOf\":{\"@id\":\"https:\/\/beckstudios.com.br\/fr\/#website\"},\"datePublished\":\"2022-09-02T14:53:32+00:00\",\"dateModified\":\"2022-10-28T15:12:34+00:00\",\"breadcrumb\":{\"@id\":\"https:\/\/beckstudios.com.br\/fr\/prestations-de-service\/localisation-du-jeu\/#breadcrumb\"},\"inLanguage\":\"fr-FR\",\"potentialAction\":[{\"@type\":\"ReadAction\",\"target\":[[\"https:\/\/beckstudios.com.br\/fr\/prestations-de-service\/localisation-du-jeu\/\"]]}]},{\"@type\":\"BreadcrumbList\",\"@id\":\"https:\/\/beckstudios.com.br\/fr\/prestations-de-service\/localisation-du-jeu\/#breadcrumb\",\"itemListElement\":[{\"@type\":\"ListItem\",\"position\":1,\"name\":\"Beck Studios\",\"item\":\"https:\/\/beckstudios.com.br\/fr\/\"},{\"@type\":\"ListItem\",\"position\":2,\"name\":\"Prestations de service\",\"item\":\"https:\/\/beckstudios.com.br\/fr\/prestations-de-service\/\"},{\"@type\":\"ListItem\",\"position\":3,\"name\":\"Localisation du jeu\"}]},{\"@type\":\"WebSite\",\"@id\":\"https:\/\/beckstudios.com.br\/fr\/#website\",\"url\":\"https:\/\/beckstudios.com.br\/fr\/\",\"name\":\"Beck Studios\",\"description\":\"S\u00f3 mais um site WordPress\",\"publisher\":{\"@id\":\"https:\/\/beckstudios.com.br\/fr\/#organization\"},\"potentialAction\":[{\"@type\":\"SearchAction\",\"target\":{\"@type\":\"EntryPoint\",\"urlTemplate\":\"https:\/\/beckstudios.com.br\/fr\/?s={search_term_string}\"},\"query-input\":\"required name=search_term_string\"}],\"inLanguage\":\"fr-FR\"},{\"@type\":\"Organization\",\"@id\":\"https:\/\/beckstudios.com.br\/fr\/#organization\",\"name\":\"Beck Studios\",\"url\":\"https:\/\/beckstudios.com.br\/fr\/\",\"sameAs\":[],\"logo\":{\"@type\":\"ImageObject\",\"inLanguage\":\"fr-FR\",\"@id\":\"https:\/\/beckstudios.com.br\/fr\/#\/schema\/logo\/image\/\",\"url\":\"https:\/\/beckstudios.com.br\/wp-content\/uploads\/2022\/08\/logo.png\",\"contentUrl\":\"https:\/\/beckstudios.com.br\/wp-content\/uploads\/2022\/08\/logo.png\",\"width\":132,\"height\":72,\"caption\":\"Beck Studios\"},\"image\":{\"@id\":\"https:\/\/beckstudios.com.br\/fr\/#\/schema\/logo\/image\/\"}}]}<\/script>\n<!-- \/ Yoast SEO plugin. -->","yoast_head_json":{"title":"Localisation du jeu - Beck Studios","robots":{"index":"index","follow":"follow","max-snippet":"max-snippet:-1","max-image-preview":"max-image-preview:large","max-video-preview":"max-video-preview:-1"},"canonical":"https:\/\/beckstudios.com.br\/fr\/prestations-de-service\/localisation-du-jeu\/","og_locale":"fr_FR","og_type":"article","og_title":"Localisation du jeu - Beck Studios","og_description":"La Localization de Jeux Vid\u00e9o est la version br\u00e9silienne des jeux qui sont notamment cr\u00e9es en langues \u00e9trang\u00e8res. Cela cr\u00e9e un environnement immersif pour le joueur, ce qui permet une exp\u00e9rience linguistique et culturelle authentique et \u00e9quivalente.","og_url":"https:\/\/beckstudios.com.br\/fr\/prestations-de-service\/localisation-du-jeu\/","og_site_name":"Beck Studios","article_modified_time":"2022-10-28T15:12:34+00:00","twitter_card":"summary_large_image","twitter_misc":{"Dur\u00e9e de lecture estim\u00e9e":"1 minute"},"schema":{"@context":"https:\/\/schema.org","@graph":[{"@type":"WebPage","@id":"https:\/\/beckstudios.com.br\/fr\/prestations-de-service\/localisation-du-jeu\/","url":"https:\/\/beckstudios.com.br\/fr\/prestations-de-service\/localisation-du-jeu\/","name":"Localisation du jeu - Beck Studios","isPartOf":{"@id":"https:\/\/beckstudios.com.br\/fr\/#website"},"datePublished":"2022-09-02T14:53:32+00:00","dateModified":"2022-10-28T15:12:34+00:00","breadcrumb":{"@id":"https:\/\/beckstudios.com.br\/fr\/prestations-de-service\/localisation-du-jeu\/#breadcrumb"},"inLanguage":"fr-FR","potentialAction":[{"@type":"ReadAction","target":[["https:\/\/beckstudios.com.br\/fr\/prestations-de-service\/localisation-du-jeu\/"]]}]},{"@type":"BreadcrumbList","@id":"https:\/\/beckstudios.com.br\/fr\/prestations-de-service\/localisation-du-jeu\/#breadcrumb","itemListElement":[{"@type":"ListItem","position":1,"name":"Beck Studios","item":"https:\/\/beckstudios.com.br\/fr\/"},{"@type":"ListItem","position":2,"name":"Prestations de service","item":"https:\/\/beckstudios.com.br\/fr\/prestations-de-service\/"},{"@type":"ListItem","position":3,"name":"Localisation du jeu"}]},{"@type":"WebSite","@id":"https:\/\/beckstudios.com.br\/fr\/#website","url":"https:\/\/beckstudios.com.br\/fr\/","name":"Beck Studios","description":"S\u00f3 mais um site WordPress","publisher":{"@id":"https:\/\/beckstudios.com.br\/fr\/#organization"},"potentialAction":[{"@type":"SearchAction","target":{"@type":"EntryPoint","urlTemplate":"https:\/\/beckstudios.com.br\/fr\/?s={search_term_string}"},"query-input":"required name=search_term_string"}],"inLanguage":"fr-FR"},{"@type":"Organization","@id":"https:\/\/beckstudios.com.br\/fr\/#organization","name":"Beck Studios","url":"https:\/\/beckstudios.com.br\/fr\/","sameAs":[],"logo":{"@type":"ImageObject","inLanguage":"fr-FR","@id":"https:\/\/beckstudios.com.br\/fr\/#\/schema\/logo\/image\/","url":"https:\/\/beckstudios.com.br\/wp-content\/uploads\/2022\/08\/logo.png","contentUrl":"https:\/\/beckstudios.com.br\/wp-content\/uploads\/2022\/08\/logo.png","width":132,"height":72,"caption":"Beck Studios"},"image":{"@id":"https:\/\/beckstudios.com.br\/fr\/#\/schema\/logo\/image\/"}}]}},"_links":{"self":[{"href":"https:\/\/beckstudios.com.br\/fr\/wp-json\/wp\/v2\/pages\/60"}],"collection":[{"href":"https:\/\/beckstudios.com.br\/fr\/wp-json\/wp\/v2\/pages"}],"about":[{"href":"https:\/\/beckstudios.com.br\/fr\/wp-json\/wp\/v2\/types\/page"}],"author":[{"embeddable":true,"href":"https:\/\/beckstudios.com.br\/fr\/wp-json\/wp\/v2\/users\/1"}],"replies":[{"embeddable":true,"href":"https:\/\/beckstudios.com.br\/fr\/wp-json\/wp\/v2\/comments?post=60"}],"version-history":[{"count":2,"href":"https:\/\/beckstudios.com.br\/fr\/wp-json\/wp\/v2\/pages\/60\/revisions"}],"predecessor-version":[{"id":1363,"href":"https:\/\/beckstudios.com.br\/fr\/wp-json\/wp\/v2\/pages\/60\/revisions\/1363"}],"up":[{"embeddable":true,"href":"https:\/\/beckstudios.com.br\/fr\/wp-json\/wp\/v2\/pages\/17"}],"wp:attachment":[{"href":"https:\/\/beckstudios.com.br\/fr\/wp-json\/wp\/v2\/media?parent=60"}],"curies":[{"name":"wp","href":"https:\/\/api.w.org\/{rel}","templated":true}]}}